{"id":5523,"date":"2024-09-20T08:19:13","date_gmt":"2024-09-20T08:19:13","guid":{"rendered":"https:\/\/farmhouse-smilinggecko.com\/restaurants\/"},"modified":"2025-06-04T03:57:39","modified_gmt":"2025-06-04T03:57:39","slug":"restaurants","status":"publish","type":"page","link":"https:\/\/farmhouse-smilinggecko.com\/de\/restaurants\/","title":{"rendered":"Restaurants"},"content":{"rendered":"<ul>\n<li>\n<p>        <img decoding=\"async\" src=\"\/wp-content\/uploads\/2025\/04\/header_all_restaurant_04.jpg\" alt=\"\"><\/p>\n<\/li>\n<li>\n<p>        <img decoding=\"async\" src=\"\/wp-content\/uploads\/2024\/09\/Restaurant-UN%E2%80%93Blue-Hour.jpg\" alt=\"\"><\/p>\n<p><a href=\"#intro\">Discover more<\/a><\/p>\n<\/li>\n<\/ul>\n<div>\n<h3>Sch\u00e4tze der kambodschanischen K\u00fcche und unserer Farm<\/h3>\n<\/div>\n<div>Von leichten Snacks und internationalen Klassikern bis hin zu typisch kambodschanischen Gerichten und spektakul\u00e4rem Fine Dining: das Farmhouse Resort ist auch ein kulinarisches Reiseziel \u2013 mit einigen der besten Restaurants in Kambodscha und den frischesten Zutaten von unserer Farm.<\/div>\n<div>\n<p>        <img decoding=\"async\" src=\"\/wp-content\/uploads\/2024\/09\/farmhouse_restaurant_01.jpg\" alt=\"\"><\/p>\n<\/div>\n<div>\n<h5>\nRegionale K\u00fcche<\/h5>\n<\/div>\n<div>Farmhouse Restaurant<\/div>\n<div>Im Hauptrestaurant des Resorts geht es traditionell zu. Das \u00c0-la-Carte Men\u00fc wartet mit echten Highlights der regionalen K\u00fcche auf. Viele Gerichte gibt es zudem zum Teilen \u2013 so wie sie hier im Land am stilechtesten serviert werden. Dar\u00fcber hinaus lohnt ein Blick auf die Daily Specials mit dem Frischesten und Feinsten, was unsere Farm zu bieten hat.<\/div>\n<p><p>\n        <a href=\"\/de\/restaurants\/farmhouse-restaurant\/\">Zum Farmhouse Restaurant<\/a>\n    <\/p>\n<\/p>\n<div>Fine Dining<\/div>\n<div>Restaurant UN<\/div>\n<div>Im nach ihr benannten Restaurant \u00abUn\u00bb zaubert unsere wundervolle K\u00fcchenchefin Mariya Un Noun mit ihrer Nouvelle Khmer Cuisine atemberaubende kambodschanische Kreationen auf Sterneniveau auf die stilvollen Teller.<\/div>\n<p><p>\n        <a href=\"\/de\/restaurants\/restaurant-un\/\">Zum restaurant un<\/a>\n    <\/p>\n<\/p>\n<div>\n<p>        <img decoding=\"async\" src=\"\/wp-content\/uploads\/2025\/04\/Restaurant_UN_08.jpg\" alt=\"\"><\/p>\n<\/div>\n<div>\n<p>        <img decoding=\"async\" src=\"\/wp-content\/uploads\/2024\/09\/chef-table-1.jpg\" alt=\"\"><\/p>\n<\/div>\n<div>\n<h5>\nFine Dining<\/h5>\n<\/div>\n<div>Chef\u2019s Table<\/div>\n<div>Die spektakul\u00e4re K\u00fcche von Mariya Un Noun in der intimen Atmosph\u00e4re des Chef\u2019s Table im privaten Bungalow des Smiling Gecko Gr\u00fcnders zu geniessen, ist ein Erlebnis, das Ihnen lange in Erinnerung bleiben wird.<\/div>\n<p><p>\n        <a href=\"\/de\/restaurants\/chefs-table\/\">Zum Chef\u2019s Table<\/a>\n    <\/p>\n<\/p>\n<div>Pool bar and lounge<\/div>\n<div>Feine kambodschanische und internationale Snacks servieren wir tags\u00fcber in der Lounge der Poolbar. Genau das richtige, wenn es zwischendurch beim Sonnenbad oder zum Sundowner mal nur eine Kleinigkeit sein soll.<\/div>\n<div>\n<p>        <img decoding=\"async\" src=\"\/wp-content\/uploads\/2024\/09\/poolbar_lounge-1.jpg\" alt=\"\"><\/p>\n<\/div>\n<div>\n<p>        <img decoding=\"async\" src=\"\/wp-content\/uploads\/2024\/09\/sanctuary_cafe.jpg\" alt=\"\"><\/p>\n<\/div>\n<div>Sanctuary Caf\u00e9<\/div>\n<div>Das kleine Caf\u00e9 im Sanctuary Spa bietet neben frisch gepressten S\u00e4ften und alkoholfreien Cocktails gesunde, leichte Gerichte f\u00fcr zwischendurch. Es gibt feine Sandwiches und ein Salatmen\u00fc, aus dem Sie sich Ihren eigenen Lieblingssalat zusammenstellen k\u00f6nnen.<\/div>\n<p><!--more--><br \/>\n<!-- {\"type\":\"layout\",\"children\":[{\"type\":\"section\",\"props\":{\"header_transparent\":true,\"header_transparent_noplaceholder\":true,\"header_transparent_text_color\":\"light\",\"height_offset_top\":true,\"height_viewport\":70,\"image_effect\":\"parallax\",\"image_loading\":true,\"image_parallax_bgy\":\"100\",\"image_position\":\"top-center\",\"image_size\":\"cover\",\"media_overlay\":\"rgba(0, 0, 0, 0.11)\",\"padding\":\"none\",\"preserve_color\":false,\"style\":\"muted\",\"text_color\":\"light\",\"title_breakpoint\":\"xl\",\"title_position\":\"top-left\",\"title_rotation\":\"left\",\"vertical_align\":\"\",\"width\":\"\"},\"children\":[{\"type\":\"row\",\"children\":[{\"type\":\"column\",\"props\":{\"image_position\":\"center-center\",\"position_sticky_breakpoint\":\"m\",\"text_color\":\"light\",\"vertical_align\":\"middle\"},\"children\":[{\"type\":\"slideshow\",\"props\":{\"content_style\":\"h5\",\"css\":\".el-content {\\n    font-size: 24px;\\n}\",\"image_loading\":false,\"link_margin\":\"large\",\"link_style\":\"default\",\"link_text\":\"Discover more\",\"margin\":\"default\",\"meta_align\":\"above-title\",\"meta_element\":\"div\",\"meta_style\":\"text-meta\",\"nav\":\"\",\"nav_align\":\"center\",\"nav_breakpoint\":\"s\",\"nav_position\":\"bottom-center\",\"nav_position_margin\":\"medium\",\"overlay_animation\":\"parallax\",\"overlay_container\":\"xlarge\",\"overlay_container_padding\":\"large\",\"overlay_margin\":\"large\",\"overlay_position\":\"top-center\",\"parallax_scale\":\",\",\"show_content\":false,\"show_link\":false,\"show_meta\":false,\"show_thumbnail\":true,\"show_title\":false,\"slidenav\":\"\",\"slidenav_breakpoint\":\"s\",\"slidenav_margin\":\"medium\",\"slidenav_outside_breakpoint\":\"xl\",\"slideshow_animation\":\"fade\",\"slideshow_autoplay\":true,\"slideshow_autoplay_interval\":\"5\",\"slideshow_autoplay_pause\":false,\"slideshow_height\":\"viewport\",\"slideshow_height_viewport\":60,\"slideshow_kenburns\":\"center-center\",\"slideshow_kenburns_duration\":\"25\",\"slideshow_min_height\":\"200\",\"slideshow_parallax\":false,\"slideshow_velocity\":\"1\",\"text_align\":\"center\",\"thumbnav_height\":\"75\",\"thumbnav_svg_color\":\"emphasis\",\"thumbnav_width\":\"100\",\"title_element\":\"h3\",\"title_hover_style\":\"reset\",\"title_margin\":\"xlarge\",\"title_style\":\"heading-large\"},\"children\":[{\"type\":\"slideshow_item\",\"props\":{\"image\":\"wp-content\\\/uploads\\\/2025\\\/04\\\/header_all_restaurant_04.jpg\"}},{\"type\":\"slideshow_item\",\"props\":{\"content\":\"\",\"image\":\"wp-content\\\/uploads\\\/2024\\\/09\\\/Restaurant-UN\\u2013Blue-Hour.jpg\",\"link\":\"#intro\",\"meta\":\"\",\"title\":\"\"}}]}]}]}],\"name\":\"Hero\"},{\"name\":\"Introduction\",\"type\":\"section\",\"props\":{\"animation\":\"slide-bottom-small\",\"animation_delay\":\"100\",\"id\":\"intro\",\"image_position\":\"center-center\",\"padding\":\"large\",\"padding_remove_horizontal\":false,\"padding_remove_top\":false,\"style\":\"default\",\"title_breakpoint\":\"xl\",\"title_position\":\"top-left\",\"title_rotation\":\"left\",\"vertical_align\":\"\",\"width\":\"xlarge\"},\"children\":[{\"type\":\"row\",\"props\":{\"margin\":\"large\",\"width\":\"small\"},\"children\":[{\"type\":\"column\",\"props\":{\"image_position\":\"center-center\",\"position_sticky_breakpoint\":\"m\"},\"children\":[{\"type\":\"panel\",\"props\":{\"block_align\":\"center\",\"content\":\"\",\"content_align\":false,\"content_column_breakpoint\":\"m\",\"content_margin\":\"medium\",\"content_style\":\"text-large\",\"css\":\"@media (max-width: 767px) {\\n    .el-title {\\n    padding-left: 20px;\\n}\",\"icon_width\":80,\"image_align\":\"top\",\"image_grid_breakpoint\":\"m\",\"image_grid_width\":\"1-2\",\"image_svg_color\":\"emphasis\",\"link_style\":\"default\",\"link_text\":\"Read more\",\"margin\":\"default\",\"meta_align\":\"below-title\",\"meta_element\":\"div\",\"meta_style\":\"text-meta\",\"title\":\"Sch\\u00e4tze der kambodschanischen K\\u00fcche und unserer Farm\",\"title_align\":\"top\",\"title_element\":\"h3\",\"title_grid_breakpoint\":\"m\",\"title_grid_width\":\"1-2\",\"title_hover_style\":\"reset\",\"title_style\":\"h1\"}},{\"type\":\"text\",\"props\":{\"column_breakpoint\":\"m\",\"content\":\"Von leichten Snacks und internationalen Klassikern bis hin zu typisch kambodschanischen Gerichten und spektakul\\u00e4rem Fine Dining: das Farmhouse Resort ist auch ein kulinarisches Reiseziel \\u2013 mit einigen der besten Restaurants in Kambodscha und den frischesten Zutaten von unserer Farm.\",\"css\":\"@media (max-width: 767px) {\\n\\t.el-element {\\n    padding-left: 20px;\\n}\",\"margin\":\"medium\",\"maxwidth\":\"2xlarge\"}}]}]},{\"type\":\"row\",\"props\":{\"column_gap\":\"large\",\"layout\":\"3-5,2-5\",\"margin\":\"xlarge\",\"margin_remove_bottom\":true,\"row_gap\":\"large\"},\"children\":[{\"type\":\"column\",\"props\":{\"image_position\":\"center-center\",\"position_sticky_breakpoint\":\"m\",\"width_medium\":\"3-5\"},\"children\":[{\"type\":\"overlay\",\"props\":{\"animation\":\"parallax\",\"id\":\"video\",\"image\":\"wp-content\\\/uploads\\\/2024\\\/09\\\/farmhouse_restaurant_01.jpg\",\"image_transition\":\"scale-up\",\"link_style\":\"default\",\"link_text\":\"Read more\",\"margin\":\"default\",\"meta_align\":\"below-title\",\"meta_element\":\"div\",\"meta_style\":\"text-meta\",\"overlay_hover\":false,\"overlay_mode\":\"cover\",\"overlay_position\":\"center\",\"overlay_style\":\"\",\"overlay_transition\":\"fade\",\"parallax_breakpoint\":\"m\",\"parallax_y\":\"0,100\",\"position_top\":\"-210\",\"text_align\":\"center\",\"text_color\":\"light\",\"title_element\":\"h3\",\"title_hover_style\":\"reset\"}}]},{\"type\":\"column\",\"props\":{\"image_position\":\"center-center\",\"position_sticky_breakpoint\":\"m\",\"vertical_align\":\"middle\",\"width_medium\":\"2-5\"},\"children\":[{\"type\":\"text\",\"props\":{\"column_breakpoint\":\"m\",\"content\":\"\n\n<h5>\\nRegionale K\\u00fcche<\\\/h5>\",\"margin\":\"default\"}},{\"type\":\"headline\",\"props\":{\"block_align\":\"center\",\"content\":\"Farmhouse Restaurant\",\"margin\":\"remove-vertical\",\"title_element\":\"div\",\"title_style\":\"h2\"}},{\"type\":\"text\",\"props\":{\"column_breakpoint\":\"m\",\"content\":\"Im Hauptrestaurant des Resorts geht es traditionell zu. Das \\u00c0-la-Carte Men\\u00fc wartet mit echten Highlights der regionalen K\\u00fcche auf. Viele Gerichte gibt es zudem zum Teilen \\u2013 so wie sie hier im Land am stilechtesten serviert werden. Dar\\u00fcber hinaus lohnt ein Blick auf die Daily Specials mit dem Frischesten und Feinsten, was unsere Farm zu bieten hat.\",\"margin\":\"default\",\"maxwidth\":\"xlarge\"}},{\"type\":\"button\",\"props\":{\"grid_column_gap\":\"small\",\"grid_row_gap\":\"small\",\"margin\":\"medium\"},\"children\":[{\"type\":\"button_item\",\"props\":{\"button_style\":\"primary\",\"content\":\"Zum Farmhouse Restaurant\",\"dialog_layout\":\"modal\",\"dialog_offcanvas_flip\":true,\"icon_align\":\"left\",\"link\":\"\\\/de\\\/restaurants\\\/farmhouse-restaurant\\\/\"}}]}]}]},{\"type\":\"row\",\"props\":{\"column_gap\":\"large\",\"layout\":\"2-5,3-5\",\"margin\":\"medium\",\"row_gap\":\"large\"},\"children\":[{\"type\":\"column\",\"props\":{\"image_position\":\"center-center\",\"order_first\":\"m\",\"position_sticky_breakpoint\":\"m\",\"vertical_align\":\"middle\",\"width_medium\":\"2-5\"},\"children\":[{\"type\":\"headline\",\"props\":{\"block_align\":\"center\",\"content\":\"Fine Dining\",\"margin\":\"default\",\"maxwidth\":\"large\",\"title_element\":\"div\",\"title_style\":\"h5\"}},{\"type\":\"headline\",\"props\":{\"block_align\":\"center\",\"content\":\"Restaurant UN\",\"margin\":\"remove-vertical\",\"maxwidth\":\"large\",\"title_element\":\"div\",\"title_style\":\"h2\"}},{\"type\":\"text\",\"props\":{\"block_align\":\"center\",\"column_breakpoint\":\"m\",\"content\":\"Im nach ihr benannten Restaurant \\u00abUn\\u00bb zaubert unsere wundervolle K\\u00fcchenchefin Mariya Un Noun mit ihrer Nouvelle Khmer Cuisine atemberaubende kambodschanische Kreationen auf Sterneniveau auf die stilvollen Teller.\",\"margin\":\"default\",\"maxwidth\":\"large\"}},{\"type\":\"button\",\"props\":{\"block_align\":\"center\",\"grid_column_gap\":\"small\",\"grid_row_gap\":\"small\",\"margin\":\"medium\",\"maxwidth\":\"large\"},\"children\":[{\"type\":\"button_item\",\"props\":{\"button_style\":\"primary\",\"content\":\"Zum restaurant un\",\"dialog_layout\":\"modal\",\"dialog_offcanvas_flip\":true,\"icon_align\":\"left\",\"link\":\"\\\/de\\\/restaurants\\\/restaurant-un\\\/\"}}]}]},{\"type\":\"column\",\"props\":{\"image_position\":\"center-center\",\"order_first\":\"xs\",\"position_sticky_breakpoint\":\"m\",\"vertical_align\":\"bottom\",\"width_medium\":\"3-5\"},\"children\":[{\"type\":\"overlay\",\"props\":{\"image\":\"wp-content\\\/uploads\\\/2025\\\/04\\\/Restaurant_UN_08.jpg\",\"image_transition\":\"scale-up\",\"link_style\":\"default\",\"link_text\":\"Read more\",\"margin\":\"default\",\"meta_align\":\"below-title\",\"meta_element\":\"div\",\"meta_style\":\"text-meta\",\"overlay_hover\":true,\"overlay_mode\":\"cover\",\"overlay_position\":\"center\",\"overlay_style\":\"\",\"overlay_transition\":\"fade\",\"parallax_breakpoint\":\"m\",\"parallax_y\":\"130,-50\",\"position_top\":\"-60\",\"text_align\":\"center\",\"text_color\":\"light\",\"title_element\":\"h3\",\"title_hover_style\":\"reset\"}}]}]},{\"type\":\"row\",\"children\":[{\"type\":\"column\",\"props\":{\"image_position\":\"center-center\",\"position_sticky_breakpoint\":\"m\"}}]}]},{\"type\":\"section\",\"props\":{\"animation\":\"slide-bottom-small\",\"animation_delay\":\"100\",\"id\":\"intro\",\"image_position\":\"center-center\",\"padding_remove_horizontal\":false,\"padding_remove_top\":false,\"style\":\"default\",\"title_breakpoint\":\"xl\",\"title_position\":\"top-left\",\"title_rotation\":\"left\",\"vertical_align\":\"\",\"width\":\"xlarge\"},\"children\":[{\"type\":\"row\",\"props\":{\"column_gap\":\"large\",\"layout\":\"3-5,2-5\",\"margin\":\"xlarge\",\"margin_remove_bottom\":true,\"row_gap\":\"large\"},\"children\":[{\"type\":\"column\",\"props\":{\"image_position\":\"center-center\",\"position_sticky_breakpoint\":\"m\",\"width_medium\":\"3-5\"},\"children\":[{\"type\":\"overlay\",\"props\":{\"animation\":\"parallax\",\"id\":\"video\",\"image\":\"wp-content\\\/uploads\\\/2024\\\/09\\\/chef-table-1.jpg\",\"image_transition\":\"scale-up\",\"link_style\":\"default\",\"link_text\":\"Read more\",\"margin\":\"default\",\"meta_align\":\"below-title\",\"meta_element\":\"div\",\"meta_style\":\"text-meta\",\"overlay_hover\":false,\"overlay_mode\":\"cover\",\"overlay_position\":\"center\",\"overlay_style\":\"\",\"overlay_transition\":\"fade\",\"parallax_breakpoint\":\"m\",\"parallax_y\":\"0,100\",\"position_top\":\"-210\",\"text_align\":\"center\",\"text_color\":\"light\",\"title_element\":\"h3\",\"title_hover_style\":\"reset\"}}]},{\"type\":\"column\",\"props\":{\"image_position\":\"center-center\",\"position_sticky_breakpoint\":\"m\",\"vertical_align\":\"middle\",\"width_medium\":\"2-5\"},\"children\":[{\"type\":\"text\",\"props\":{\"column_breakpoint\":\"m\",\"content\":\"\n\n<h5>\\nFine Dining<\\\/h5>\",\"margin\":\"default\"}},{\"type\":\"headline\",\"props\":{\"block_align\":\"center\",\"content\":\"Chef\\u2019s Table\",\"margin\":\"remove-vertical\",\"title_element\":\"div\",\"title_style\":\"h2\"}},{\"type\":\"text\",\"props\":{\"column_breakpoint\":\"m\",\"content\":\"Die spektakul\\u00e4re K\\u00fcche von Mariya Un Noun in der intimen Atmosph\\u00e4re des Chef\\u2019s Table im privaten Bungalow des Smiling Gecko Gr\\u00fcnders zu geniessen, ist ein Erlebnis, das Ihnen lange in Erinnerung bleiben wird.\",\"margin\":\"default\",\"maxwidth\":\"xlarge\"}},{\"type\":\"button\",\"props\":{\"grid_column_gap\":\"small\",\"grid_row_gap\":\"small\",\"margin\":\"medium\"},\"children\":[{\"type\":\"button_item\",\"props\":{\"button_style\":\"primary\",\"content\":\"Zum Chef\\u2019s Table\",\"dialog_layout\":\"modal\",\"dialog_offcanvas_flip\":true,\"icon_align\":\"left\",\"link\":\"\\\/de\\\/restaurants\\\/chefs-table\\\/\"}}]}]}]},{\"type\":\"row\",\"props\":{\"column_gap\":\"large\",\"layout\":\"2-5,3-5\",\"margin\":\"medium\",\"row_gap\":\"large\"},\"children\":[{\"type\":\"column\",\"props\":{\"image_position\":\"center-center\",\"order_first\":\"m\",\"position_sticky_breakpoint\":\"m\",\"vertical_align\":\"middle\",\"width_medium\":\"2-5\"},\"children\":[{\"type\":\"headline\",\"props\":{\"block_align\":\"center\",\"content\":\"Pool bar and lounge\",\"margin\":\"remove-vertical\",\"maxwidth\":\"large\",\"title_element\":\"div\",\"title_style\":\"h2\"}},{\"type\":\"text\",\"props\":{\"block_align\":\"center\",\"column_breakpoint\":\"m\",\"content\":\"Feine kambodschanische und internationale Snacks servieren wir tags\\u00fcber in der Lounge der Poolbar. Genau das richtige, wenn es zwischendurch beim Sonnenbad oder zum Sundowner mal nur eine Kleinigkeit sein soll.\",\"margin\":\"default\",\"maxwidth\":\"large\"}}]},{\"type\":\"column\",\"props\":{\"image_position\":\"center-center\",\"order_first\":\"xs\",\"position_sticky_breakpoint\":\"m\",\"vertical_align\":\"bottom\",\"width_medium\":\"3-5\"},\"children\":[{\"type\":\"overlay\",\"props\":{\"image\":\"wp-content\\\/uploads\\\/2024\\\/09\\\/poolbar_lounge-1.jpg\",\"image_transition\":\"scale-up\",\"link_style\":\"default\",\"link_text\":\"Read more\",\"margin\":\"default\",\"meta_align\":\"below-title\",\"meta_element\":\"div\",\"meta_style\":\"text-meta\",\"overlay_hover\":true,\"overlay_mode\":\"cover\",\"overlay_position\":\"center\",\"overlay_style\":\"\",\"overlay_transition\":\"fade\",\"parallax_breakpoint\":\"m\",\"parallax_y\":\"130,-50\",\"position_top\":\"-60\",\"text_align\":\"center\",\"text_color\":\"light\",\"title_element\":\"h3\",\"title_hover_style\":\"reset\"}}]}]},{\"type\":\"row\",\"props\":{\"column_gap\":\"large\",\"layout\":\"3-5,2-5\",\"margin\":\"xlarge\",\"row_gap\":\"large\"},\"children\":[{\"type\":\"column\",\"props\":{\"image_position\":\"center-center\",\"position_sticky_breakpoint\":\"m\",\"width_medium\":\"3-5\"},\"children\":[{\"type\":\"overlay\",\"props\":{\"id\":\"video\",\"image\":\"wp-content\\\/uploads\\\/2024\\\/09\\\/sanctuary_cafe.jpg\",\"image_transition\":\"scale-up\",\"link_style\":\"default\",\"link_text\":\"Read more\",\"margin\":\"default\",\"meta_align\":\"below-title\",\"meta_element\":\"div\",\"meta_style\":\"text-meta\",\"overlay_hover\":false,\"overlay_mode\":\"cover\",\"overlay_position\":\"center\",\"overlay_style\":\"\",\"overlay_transition\":\"fade\",\"parallax_y\":\"-80,\",\"text_align\":\"center\",\"text_color\":\"light\",\"title_element\":\"h3\",\"title_hover_style\":\"reset\"}}]},{\"type\":\"column\",\"props\":{\"image_position\":\"center-center\",\"position_sticky_breakpoint\":\"m\",\"vertical_align\":\"middle\",\"width_medium\":\"2-5\"},\"children\":[{\"type\":\"headline\",\"props\":{\"block_align\":\"center\",\"content\":\"Sanctuary Caf\\u00e9\",\"margin\":\"remove-vertical\",\"title_element\":\"div\",\"title_style\":\"h2\"}},{\"type\":\"text\",\"props\":{\"column_breakpoint\":\"m\",\"content\":\"Das kleine Caf\\u00e9 im Sanctuary Spa bietet neben frisch gepressten S\\u00e4ften und alkoholfreien Cocktails gesunde, leichte Gerichte f\\u00fcr zwischendurch. Es gibt feine Sandwiches und ein Salatmen\\u00fc, aus dem Sie sich Ihren eigenen Lieblingssalat zusammenstellen k\\u00f6nnen.\",\"margin\":\"default\",\"maxwidth\":\"xlarge\"}}]}]},{\"type\":\"row\",\"children\":[{\"type\":\"column\",\"props\":{\"image_position\":\"center-center\",\"position_sticky_breakpoint\":\"m\"}}]}]}],\"version\":\"4.5.15\"} --><\/p>\n","protected":false},"excerpt":{"rendered":"<p>Discover more Sch\u00e4tze der kambodschanischen K\u00fcche und unserer Farm Von leichten Snacks und internationalen Klassikern bis hin zu typisch kambodschanischen Gerichten und spektakul\u00e4rem Fine Dining: das Farmhouse Resort ist auch ein kulinarisches Reiseziel \u2013 mit einigen der besten Restaurants in Kambodscha und den frischesten Zutaten von unserer Farm. Regionale K\u00fcche Farmhouse Restaurant Im Hauptrestaurant des [&hellip;]<\/p>\n","protected":false},"author":1,"featured_media":0,"parent":0,"menu_order":0,"comment_status":"open","ping_status":"open","template":"","meta":{"_acf_changed":false,"footnotes":""},"class_list":["post-5523","page","type-page","status-publish","hentry"],"acf":[],"yoast_head":"<!-- This site is optimized with the Yoast SEO Premium plugin v25.0 (Yoast SEO v25.0) - https:\/\/yoast.com\/wordpress\/plugins\/seo\/ -->\n<title>Restaurants - Farmhouse Luxury Resort &amp; Spa in Cambodia<\/title>\n<meta name=\"robots\" content=\"index, follow, max-snippet:-1, max-image-preview:large, max-video-preview:-1\" \/>\n<link rel=\"canonical\" href=\"https:\/\/farmhouse-smilinggecko.com\/de\/restaurants\/\" \/>\n<meta property=\"og:locale\" content=\"de_DE\" \/>\n<meta property=\"og:type\" content=\"article\" \/>\n<meta property=\"og:title\" content=\"Restaurants\" \/>\n<meta property=\"og:description\" content=\"Discover more Sch\u00e4tze der kambodschanischen K\u00fcche und unserer Farm Von leichten Snacks und internationalen Klassikern bis hin zu typisch kambodschanischen Gerichten und spektakul\u00e4rem Fine Dining: das Farmhouse Resort ist auch ein kulinarisches Reiseziel \u2013 mit einigen der besten Restaurants in Kambodscha und den frischesten Zutaten von unserer Farm. Regionale K\u00fcche Farmhouse Restaurant Im Hauptrestaurant des [&hellip;]\" \/>\n<meta property=\"og:url\" content=\"https:\/\/farmhouse-smilinggecko.com\/de\/restaurants\/\" \/>\n<meta property=\"og:site_name\" content=\"Farmhouse Luxury Resort &amp; Spa in Cambodia\" \/>\n<meta property=\"article:modified_time\" content=\"2025-06-04T03:57:39+00:00\" \/>\n<meta name=\"twitter:card\" content=\"summary_large_image\" \/>\n<meta name=\"twitter:label1\" content=\"Gesch\u00e4tzte Lesezeit\" \/>\n\t<meta name=\"twitter:data1\" content=\"3\u00a0Minuten\" \/>\n<script type=\"application\/ld+json\" class=\"yoast-schema-graph\">{\"@context\":\"https:\/\/schema.org\",\"@graph\":[{\"@type\":\"WebPage\",\"@id\":\"https:\/\/farmhouse-smilinggecko.com\/de\/restaurants\/\",\"url\":\"https:\/\/farmhouse-smilinggecko.com\/de\/restaurants\/\",\"name\":\"Restaurants - Farmhouse Luxury Resort & Spa in Cambodia\",\"isPartOf\":{\"@id\":\"https:\/\/farmhouse-smilinggecko.com\/de\/#website\"},\"datePublished\":\"2024-09-20T08:19:13+00:00\",\"dateModified\":\"2025-06-04T03:57:39+00:00\",\"breadcrumb\":{\"@id\":\"https:\/\/farmhouse-smilinggecko.com\/de\/restaurants\/#breadcrumb\"},\"inLanguage\":\"de\",\"potentialAction\":[{\"@type\":\"ReadAction\",\"target\":[\"https:\/\/farmhouse-smilinggecko.com\/de\/restaurants\/\"]}]},{\"@type\":\"BreadcrumbList\",\"@id\":\"https:\/\/farmhouse-smilinggecko.com\/de\/restaurants\/#breadcrumb\",\"itemListElement\":[{\"@type\":\"ListItem\",\"position\":1,\"name\":\"Home\",\"item\":\"https:\/\/farmhouse-smilinggecko.com\/de\/\"},{\"@type\":\"ListItem\",\"position\":2,\"name\":\"Restaurants\"}]},{\"@type\":\"WebSite\",\"@id\":\"https:\/\/farmhouse-smilinggecko.com\/de\/#website\",\"url\":\"https:\/\/farmhouse-smilinggecko.com\/de\/\",\"name\":\"Farmhouse Luxury Resort & Spa in Cambodia\",\"description\":\"\",\"potentialAction\":[{\"@type\":\"SearchAction\",\"target\":{\"@type\":\"EntryPoint\",\"urlTemplate\":\"https:\/\/farmhouse-smilinggecko.com\/de\/?s={search_term_string}\"},\"query-input\":{\"@type\":\"PropertyValueSpecification\",\"valueRequired\":true,\"valueName\":\"search_term_string\"}}],\"inLanguage\":\"de\"}]}<\/script>\n<!-- \/ Yoast SEO Premium plugin. -->","yoast_head_json":{"title":"Restaurants - Farmhouse Luxury Resort & Spa in Cambodia","robots":{"index":"index","follow":"follow","max-snippet":"max-snippet:-1","max-image-preview":"max-image-preview:large","max-video-preview":"max-video-preview:-1"},"canonical":"https:\/\/farmhouse-smilinggecko.com\/de\/restaurants\/","og_locale":"de_DE","og_type":"article","og_title":"Restaurants","og_description":"Discover more Sch\u00e4tze der kambodschanischen K\u00fcche und unserer Farm Von leichten Snacks und internationalen Klassikern bis hin zu typisch kambodschanischen Gerichten und spektakul\u00e4rem Fine Dining: das Farmhouse Resort ist auch ein kulinarisches Reiseziel \u2013 mit einigen der besten Restaurants in Kambodscha und den frischesten Zutaten von unserer Farm. Regionale K\u00fcche Farmhouse Restaurant Im Hauptrestaurant des [&hellip;]","og_url":"https:\/\/farmhouse-smilinggecko.com\/de\/restaurants\/","og_site_name":"Farmhouse Luxury Resort & Spa in Cambodia","article_modified_time":"2025-06-04T03:57:39+00:00","twitter_card":"summary_large_image","twitter_misc":{"Gesch\u00e4tzte Lesezeit":"3\u00a0Minuten"},"schema":{"@context":"https:\/\/schema.org","@graph":[{"@type":"WebPage","@id":"https:\/\/farmhouse-smilinggecko.com\/de\/restaurants\/","url":"https:\/\/farmhouse-smilinggecko.com\/de\/restaurants\/","name":"Restaurants - Farmhouse Luxury Resort & Spa in Cambodia","isPartOf":{"@id":"https:\/\/farmhouse-smilinggecko.com\/de\/#website"},"datePublished":"2024-09-20T08:19:13+00:00","dateModified":"2025-06-04T03:57:39+00:00","breadcrumb":{"@id":"https:\/\/farmhouse-smilinggecko.com\/de\/restaurants\/#breadcrumb"},"inLanguage":"de","potentialAction":[{"@type":"ReadAction","target":["https:\/\/farmhouse-smilinggecko.com\/de\/restaurants\/"]}]},{"@type":"BreadcrumbList","@id":"https:\/\/farmhouse-smilinggecko.com\/de\/restaurants\/#breadcrumb","itemListElement":[{"@type":"ListItem","position":1,"name":"Home","item":"https:\/\/farmhouse-smilinggecko.com\/de\/"},{"@type":"ListItem","position":2,"name":"Restaurants"}]},{"@type":"WebSite","@id":"https:\/\/farmhouse-smilinggecko.com\/de\/#website","url":"https:\/\/farmhouse-smilinggecko.com\/de\/","name":"Farmhouse Luxury Resort & Spa in Cambodia","description":"","potentialAction":[{"@type":"SearchAction","target":{"@type":"EntryPoint","urlTemplate":"https:\/\/farmhouse-smilinggecko.com\/de\/?s={search_term_string}"},"query-input":{"@type":"PropertyValueSpecification","valueRequired":true,"valueName":"search_term_string"}}],"inLanguage":"de"}]}},"_links":{"self":[{"href":"https:\/\/farmhouse-smilinggecko.com\/de\/wp-json\/wp\/v2\/pages\/5523","targetHints":{"allow":["GET"]}}],"collection":[{"href":"https:\/\/farmhouse-smilinggecko.com\/de\/wp-json\/wp\/v2\/pages"}],"about":[{"href":"https:\/\/farmhouse-smilinggecko.com\/de\/wp-json\/wp\/v2\/types\/page"}],"author":[{"embeddable":true,"href":"https:\/\/farmhouse-smilinggecko.com\/de\/wp-json\/wp\/v2\/users\/1"}],"replies":[{"embeddable":true,"href":"https:\/\/farmhouse-smilinggecko.com\/de\/wp-json\/wp\/v2\/comments?post=5523"}],"version-history":[{"count":11,"href":"https:\/\/farmhouse-smilinggecko.com\/de\/wp-json\/wp\/v2\/pages\/5523\/revisions"}],"predecessor-version":[{"id":6825,"href":"https:\/\/farmhouse-smilinggecko.com\/de\/wp-json\/wp\/v2\/pages\/5523\/revisions\/6825"}],"wp:attachment":[{"href":"https:\/\/farmhouse-smilinggecko.com\/de\/wp-json\/wp\/v2\/media?parent=5523"}],"curies":[{"name":"wp","href":"https:\/\/api.w.org\/{rel}","templated":true}]}}