{"id":5516,"date":"2024-09-26T04:17:34","date_gmt":"2024-09-26T04:17:34","guid":{"rendered":"https:\/\/farmhouse-smilinggecko.com\/farmhouse-restaurant\/"},"modified":"2025-06-04T04:17:36","modified_gmt":"2025-06-04T04:17:36","slug":"farmhouse-restaurant","status":"publish","type":"page","link":"https:\/\/farmhouse-smilinggecko.com\/de\/restaurants\/farmhouse-restaurant\/","title":{"rendered":"Farmhouse Restaurants"},"content":{"rendered":"<div>\n<p>    <img decoding=\"async\" src=\"\/wp-content\/uploads\/2024\/10\/header_fh_restaurant-1.jpg\" alt=\"\"><\/p>\n<p><a href=\"#intro\">Discover more<\/a><\/p>\n<\/div>\n<div>\n<h3>Farmhouse Restaurant<\/h3>\n<\/div>\n<h1>Farmhouse Restaurant<\/h1>\n<div>\n<p>Die schmackhaften Gerichte im Farmhouse Restaurant werden, wo immer m\u00f6glich, mit Zutaten vom beeindruckenden 150 ha grossen Smiling Gecko Campus zubereitet. Das meiste Obst und Gem\u00fcse bauen wir auf unseren eigenen Feldern und in unseren eigenen G\u00e4rten an. Ebenso wie den Fisch und das Gefl\u00fcgel, die wir selbst z\u00fcchten. Oder unser Rindfleisch, das wir zum gr\u00f6ssten Teil selbst m\u00e4sten.<\/p>\n<p>Das Ergebnis sind frische Lebensmittel, die eine fantastische Grundlage f\u00fcr die hervorragenden Kreationen unserer K\u00fcche sind. Doch probieren Sie selbst. Wir w\u00fcnschen Ihnen einen guten Appetit.<\/p>\n<\/div>\n<ul>\n<li>\n<p>\n        <a href=\"\/wp-content\/uploads\/2024\/12\/Farmhouse-Menu-061024.pdf\">Farmhouse Men\u00fc<\/a>\n    <\/p>\n<\/li>\n<li>\n<p>\n        <a href=\"\/wp-content\/uploads\/2024\/12\/Beverage-A-La-Carte.pdf\">Getr\u00e4nk Men\u00fc<\/a>\n    <\/p>\n<\/li>\n<li>\n<p>\n        <a href=\"\/wp-content\/uploads\/2024\/12\/WineList-UN-Restaurant-November-2024-to-print.pdf\">Wein Men\u00fc<\/a>\n    <\/p>\n<\/li>\n<\/ul>\n<ul>\n<li>\n<p>        <img decoding=\"async\" src=\"\/wp-content\/uploads\/2025\/04\/Farmhouse_restaurant_01.jpg\" alt=\"\"><\/p>\n<\/li>\n<li>\n<p>        <img decoding=\"async\" src=\"\/wp-content\/uploads\/2025\/04\/Farmhouse_restaurant_05.jpg\" alt=\"\"><\/p>\n<\/li>\n<li>\n<p>        <img decoding=\"async\" src=\"\/wp-content\/uploads\/2024\/09\/fh_restaurant_img005.jpg\" alt=\"\"><\/p>\n<\/li>\n<li>\n<p>        <img decoding=\"async\" src=\"\/wp-content\/uploads\/2025\/04\/Farmhouse_restaurant_06.jpg\" alt=\"\"><\/p>\n<\/li>\n<li>\n<p>        <img decoding=\"async\" src=\"\/wp-content\/uploads\/2024\/09\/fh_restaurant_img006.jpg\" alt=\"\"><\/p>\n<\/li>\n<li>\n<p>        <img decoding=\"async\" src=\"\/wp-content\/uploads\/2025\/04\/Farmhouse_restaurant_02.jpg\" alt=\"\"><\/p>\n<\/li>\n<li>\n<p>        <img decoding=\"async\" src=\"\/wp-content\/uploads\/2024\/09\/fh_restaurant_img003.jpg\" alt=\"\"><\/p>\n<\/li>\n<li>\n<p>        <img decoding=\"async\" src=\"\/wp-content\/uploads\/2025\/04\/Farmhouse_restaurant_04.jpg\" alt=\"\"><\/p>\n<\/li>\n<\/ul>\n<p><!--more--><br \/>\n<!-- {\"type\":\"layout\",\"children\":[{\"type\":\"section\",\"props\":{\"header_transparent\":true,\"header_transparent_noplaceholder\":true,\"header_transparent_text_color\":\"light\",\"height_offset_top\":true,\"height_viewport\":70,\"image_effect\":\"parallax\",\"image_loading\":true,\"image_parallax_bgy\":\"100\",\"image_position\":\"top-center\",\"image_size\":\"cover\",\"media_overlay\":\"rgba(0, 0, 0, 0.11)\",\"padding\":\"none\",\"preserve_color\":false,\"style\":\"default\",\"text_color\":\"light\",\"title_breakpoint\":\"xl\",\"title_position\":\"top-left\",\"title_rotation\":\"left\",\"vertical_align\":\"\",\"width\":\"\"},\"children\":[{\"type\":\"row\",\"children\":[{\"type\":\"column\",\"props\":{\"image_position\":\"center-center\",\"position_sticky_breakpoint\":\"m\",\"text_color\":\"light\",\"vertical_align\":\"middle\"},\"children\":[{\"type\":\"slideshow\",\"props\":{\"content_style\":\"h5\",\"css\":\".el-content {\\n    font-size: 24px;\\n}\",\"image_loading\":true,\"link_margin\":\"large\",\"link_style\":\"default\",\"link_text\":\"Discover more\",\"margin\":\"default\",\"meta_align\":\"above-title\",\"meta_element\":\"div\",\"meta_style\":\"text-meta\",\"nav\":\"\",\"nav_align\":\"center\",\"nav_breakpoint\":\"s\",\"nav_position\":\"bottom-center\",\"nav_position_margin\":\"medium\",\"overlay_animation\":\"parallax\",\"overlay_container\":\"xlarge\",\"overlay_container_padding\":\"large\",\"overlay_margin\":\"large\",\"overlay_position\":\"top-center\",\"overlay_style\":\"overlay-primary\",\"parallax_scale\":\",\",\"show_content\":false,\"show_link\":false,\"show_meta\":false,\"show_thumbnail\":true,\"show_title\":false,\"slidenav\":\"\",\"slidenav_breakpoint\":\"s\",\"slidenav_margin\":\"medium\",\"slidenav_outside_breakpoint\":\"xl\",\"slideshow_animation\":\"fade\",\"slideshow_autoplay\":true,\"slideshow_autoplay_interval\":\"5\",\"slideshow_autoplay_pause\":false,\"slideshow_height\":\"viewport\",\"slideshow_height_viewport\":60,\"slideshow_kenburns\":\"center-center\",\"slideshow_kenburns_duration\":\"25\",\"slideshow_min_height\":\"200\",\"slideshow_parallax\":false,\"slideshow_velocity\":\"1\",\"text_align\":\"center\",\"thumbnav_height\":\"75\",\"thumbnav_svg_color\":\"emphasis\",\"thumbnav_width\":\"100\",\"title_element\":\"h3\",\"title_hover_style\":\"reset\",\"title_margin\":\"xlarge\",\"title_style\":\"heading-large\"},\"children\":[{\"type\":\"slideshow_item\",\"props\":{\"content\":\"\",\"image\":\"wp-content\\\/uploads\\\/2024\\\/10\\\/header_fh_restaurant-1.jpg\",\"link\":\"#intro\",\"meta\":\"\",\"title\":\"\"}}]}]}]}],\"name\":\"Hero subpage\"},{\"type\":\"section\",\"props\":{\"animation\":\"fade\",\"height\":\"viewport\",\"height_viewport\":200,\"image_position\":\"center-center\",\"padding\":\"large\",\"padding_remove_bottom\":true,\"padding_remove_top\":false,\"style\":\"default\",\"title_breakpoint\":\"xl\",\"title_position\":\"top-left\",\"title_rotation\":\"left\",\"vertical_align\":\"\",\"width\":\"\"},\"children\":[{\"type\":\"row\",\"children\":[{\"type\":\"column\",\"props\":{\"image_position\":\"center-center\",\"position_sticky_breakpoint\":\"m\"},\"children\":[{\"type\":\"panel\",\"props\":{\"block_align\":\"center\",\"content\":\"\",\"content_align\":false,\"content_column_breakpoint\":\"m\",\"content_margin\":\"medium\",\"content_style\":\"text-large\",\"css\":\".el-title {\\n    width:150%;\\n}\\n\\n@media (max-width: 767px) {\\n    .el-title {\\n    padding-left: 20px;\\n}\",\"icon_width\":80,\"image_align\":\"top\",\"image_grid_breakpoint\":\"m\",\"image_grid_width\":\"1-2\",\"image_svg_color\":\"emphasis\",\"link_style\":\"default\",\"link_text\":\"Read more\",\"margin\":\"default\",\"maxwidth\":\"2xlarge\",\"maxwidth_breakpoint\":\"l\",\"meta_align\":\"below-title\",\"meta_element\":\"div\",\"meta_style\":\"text-meta\",\"title\":\"Farmhouse Restaurant\",\"title_align\":\"top\",\"title_element\":\"h3\",\"title_grid_breakpoint\":\"m\",\"title_grid_width\":\"1-2\",\"title_hover_style\":\"reset\",\"title_style\":\"h1\",\"visibility\":\"s\"}},{\"type\":\"headline\",\"props\":{\"block_align\":\"center\",\"content\":\"Farmhouse Restaurant\",\"maxwidth\":\"large\",\"title_element\":\"h1\",\"visibility\":\"hidden-s\"}},{\"type\":\"text\",\"props\":{\"block_align\":\"center\",\"column_breakpoint\":\"m\",\"content\":\"\n\n<p>Die schmackhaften Gerichte im Farmhouse Restaurant werden, wo immer m\\u00f6glich, mit Zutaten vom beeindruckenden 150 ha grossen Smiling Gecko Campus zubereitet. Das meiste Obst und Gem\\u00fcse bauen wir auf unseren eigenen Feldern und in unseren eigenen G\\u00e4rten an. Ebenso wie den Fisch und das Gefl\\u00fcgel, die wir selbst z\\u00fcchten. Oder unser Rindfleisch, das wir zum gr\\u00f6ssten Teil selbst m\\u00e4sten.<\\\/p>\\n\n\n<p>Das Ergebnis sind frische Lebensmittel, die eine fantastische Grundlage f\\u00fcr die hervorragenden Kreationen unserer K\\u00fcche sind. Doch probieren Sie selbst. Wir w\\u00fcnschen Ihnen einen guten Appetit.<\\\/p>\",\"margin\":\"medium\",\"maxwidth\":\"2xlarge\"}}]}],\"props\":{\"width\":\"small\"}},{\"type\":\"row\",\"children\":[{\"type\":\"column\",\"props\":{\"image_position\":\"center-center\",\"position_sticky_breakpoint\":\"m\"},\"children\":[{\"type\":\"button\",\"props\":{\"grid_column_gap\":\"small\",\"grid_row_gap\":\"small\",\"margin\":\"default\",\"text_align\":\"center\"},\"children\":[{\"type\":\"button_item\",\"props\":{\"button_style\":\"primary\",\"content\":\"Farmhouse Men\\u00fc\",\"dialog_layout\":\"modal\",\"dialog_offcanvas_flip\":true,\"icon_align\":\"left\",\"link\":\"wp-content\\\/uploads\\\/2024\\\/12\\\/Farmhouse-Menu-061024.pdf\",\"link_target\":\"blank\",\"link_title\":\"Farmhouse Men\\u00fc\"}},{\"type\":\"button_item\",\"props\":{\"button_style\":\"secondary\",\"content\":\"Getr\\u00e4nk Men\\u00fc\",\"dialog_layout\":\"modal\",\"dialog_offcanvas_flip\":true,\"icon_align\":\"left\",\"link\":\"wp-content\\\/uploads\\\/2024\\\/12\\\/Beverage-A-La-Carte.pdf\",\"link_target\":\"blank\",\"link_title\":\"Getr\\u00e4nk Men\\u00fc\"}},{\"type\":\"button_item\",\"props\":{\"button_style\":\"secondary\",\"content\":\"Wein Men\\u00fc\",\"dialog_layout\":\"modal\",\"dialog_offcanvas_flip\":true,\"icon_align\":\"left\",\"link\":\"wp-content\\\/uploads\\\/2024\\\/12\\\/WineList-UN-Restaurant-November-2024-to-print.pdf\",\"link_target\":\"blank\",\"link_title\":\"Wein Men\\u00fc\"}}]}]}]},{\"type\":\"row\",\"props\":{\"margin\":\"large\",\"margin_remove_top\":false},\"children\":[{\"type\":\"column\",\"props\":{\"image_position\":\"center-center\",\"position_sticky\":\"section\",\"position_sticky_breakpoint\":\"\",\"position_sticky_offset\":\"50vh - 50%\"},\"children\":[{\"type\":\"overlay-slider\",\"props\":{\"animation\":\"none\",\"image_height\":\"600\",\"link_margin\":\"medium\",\"link_style\":\"text\",\"link_text\":\"Explore\",\"link_transition\":\"slide-bottom-medium\",\"margin\":\"large\",\"meta_align\":\"below-title\",\"meta_element\":\"div\",\"meta_style\":\"text-meta\",\"nav\":\"\",\"nav_align\":\"center\",\"nav_below\":true,\"nav_breakpoint\":\"s\",\"nav_position\":\"bottom-center\",\"nav_position_margin\":\"medium\",\"overlay_active_first\":true,\"overlay_display\":\"active\",\"overlay_link\":false,\"overlay_mode\":\"cover\",\"overlay_position\":\"center\",\"overlay_transition\":\"fade\",\"overlay_transition_background\":false,\"position\":\"relative\",\"position_top\":\"30\",\"show_content\":true,\"show_hover_image\":true,\"show_hover_video\":true,\"show_link\":true,\"show_meta\":true,\"show_title\":true,\"slidenav\":\"\",\"slidenav_breakpoint\":\"s\",\"slidenav_hover\":false,\"slidenav_margin\":\"medium\",\"slidenav_outside_breakpoint\":\"xl\",\"slider_autoplay_pause\":true,\"slider_center\":false,\"slider_divider\":false,\"slider_finite\":true,\"slider_gap\":\"small\",\"slider_height_viewport\":60,\"slider_min_height\":\"250\",\"slider_parallax\":true,\"slider_parallax_end\":\"100vh\",\"slider_parallax_start\":\"100vh\",\"slider_parallax_target\":\"!.uk-section\",\"slider_width\":\"\",\"slider_width_default\":\"4-5\",\"slider_width_large\":\"1-4\",\"slider_width_medium\":\"1-3\",\"slider_width_small\":\"3-5\",\"slider_width_xlarge\":\"1-5\",\"text_align\":\"center\",\"title_element\":\"h2\",\"title_hover_style\":\"reset\",\"title_link\":false,\"title_style\":\"h1\",\"title_transition\":\"slide-bottom-medium\"},\"children\":[{\"type\":\"overlay-slider_item\",\"props\":{\"image\":\"wp-content\\\/uploads\\\/2025\\\/04\\\/Farmhouse_restaurant_01.jpg\",\"title\":\"\"}},{\"type\":\"overlay-slider_item\",\"props\":{\"image\":\"wp-content\\\/uploads\\\/2025\\\/04\\\/Farmhouse_restaurant_05.jpg\",\"title\":\"\"}},{\"type\":\"overlay-slider_item\",\"props\":{\"image\":\"wp-content\\\/uploads\\\/2024\\\/09\\\/fh_restaurant_img005.jpg\",\"title\":\"\"}},{\"type\":\"overlay-slider_item\",\"props\":{\"image\":\"wp-content\\\/uploads\\\/2025\\\/04\\\/Farmhouse_restaurant_06.jpg\",\"title\":\"\"}},{\"type\":\"overlay-slider_item\",\"props\":{\"image\":\"wp-content\\\/uploads\\\/2024\\\/09\\\/fh_restaurant_img006.jpg\",\"title\":\"\"}},{\"type\":\"overlay-slider_item\",\"props\":{\"image\":\"wp-content\\\/uploads\\\/2025\\\/04\\\/Farmhouse_restaurant_02.jpg\"}},{\"type\":\"overlay-slider_item\",\"props\":{\"image\":\"wp-content\\\/uploads\\\/2024\\\/09\\\/fh_restaurant_img003.jpg\",\"title\":\"\"}},{\"type\":\"overlay-slider_item\",\"props\":{\"image\":\"wp-content\\\/uploads\\\/2025\\\/04\\\/Farmhouse_restaurant_04.jpg\",\"title\":\"\"}}]}]}]}],\"name\":\"Slider Gallery\"},{\"type\":\"section\",\"props\":{\"image_position\":\"center-center\",\"padding\":\"large\",\"style\":\"default\",\"title_breakpoint\":\"xl\",\"title_position\":\"top-left\",\"title_rotation\":\"left\",\"vertical_align\":\"middle\",\"width\":\"default\"},\"children\":[{\"type\":\"row\",\"children\":[{\"type\":\"column\",\"props\":{\"image_position\":\"center-center\",\"position_sticky_breakpoint\":\"m\"}}]}]}],\"version\":\"4.5.15\"} --><\/p>\n","protected":false},"excerpt":{"rendered":"<p>Discover more Farmhouse Restaurant Farmhouse Restaurant Die schmackhaften Gerichte im Farmhouse Restaurant werden, wo immer m\u00f6glich, mit Zutaten vom beeindruckenden 150 ha grossen Smiling Gecko Campus zubereitet. Das meiste Obst und Gem\u00fcse bauen wir auf unseren eigenen Feldern und in unseren eigenen G\u00e4rten an. Ebenso wie den Fisch und das Gefl\u00fcgel, die wir selbst z\u00fcchten. [&hellip;]<\/p>\n","protected":false},"author":1,"featured_media":0,"parent":5523,"menu_order":0,"comment_status":"closed","ping_status":"closed","template":"","meta":{"_acf_changed":false,"footnotes":""},"class_list":["post-5516","page","type-page","status-publish","hentry"],"acf":[],"yoast_head":"<!-- This site is optimized with the Yoast SEO Premium plugin v25.0 (Yoast SEO v25.0) - https:\/\/yoast.com\/wordpress\/plugins\/seo\/ -->\n<title>Farmhouse Restaurants - Farmhouse Luxury Resort &amp; Spa in Cambodia<\/title>\n<meta name=\"robots\" content=\"index, follow, max-snippet:-1, max-image-preview:large, max-video-preview:-1\" \/>\n<link rel=\"canonical\" href=\"https:\/\/farmhouse-smilinggecko.com\/de\/restaurants\/farmhouse-restaurant\/\" \/>\n<meta property=\"og:locale\" content=\"de_DE\" \/>\n<meta property=\"og:type\" content=\"article\" \/>\n<meta property=\"og:title\" content=\"Farmhouse Restaurants\" \/>\n<meta property=\"og:description\" content=\"Discover more Farmhouse Restaurant Farmhouse Restaurant Die schmackhaften Gerichte im Farmhouse Restaurant werden, wo immer m\u00f6glich, mit Zutaten vom beeindruckenden 150 ha grossen Smiling Gecko Campus zubereitet. Das meiste Obst und Gem\u00fcse bauen wir auf unseren eigenen Feldern und in unseren eigenen G\u00e4rten an. Ebenso wie den Fisch und das Gefl\u00fcgel, die wir selbst z\u00fcchten. [&hellip;]\" \/>\n<meta property=\"og:url\" content=\"https:\/\/farmhouse-smilinggecko.com\/de\/restaurants\/farmhouse-restaurant\/\" \/>\n<meta property=\"og:site_name\" content=\"Farmhouse Luxury Resort &amp; Spa in Cambodia\" \/>\n<meta property=\"article:modified_time\" content=\"2025-06-04T04:17:36+00:00\" \/>\n<meta name=\"twitter:card\" content=\"summary_large_image\" \/>\n<meta name=\"twitter:label1\" content=\"Gesch\u00e4tzte Lesezeit\" \/>\n\t<meta name=\"twitter:data1\" content=\"3\u00a0Minuten\" \/>\n<script type=\"application\/ld+json\" class=\"yoast-schema-graph\">{\"@context\":\"https:\/\/schema.org\",\"@graph\":[{\"@type\":\"WebPage\",\"@id\":\"https:\/\/farmhouse-smilinggecko.com\/de\/restaurants\/farmhouse-restaurant\/\",\"url\":\"https:\/\/farmhouse-smilinggecko.com\/de\/restaurants\/farmhouse-restaurant\/\",\"name\":\"Farmhouse Restaurants - Farmhouse Luxury Resort & Spa in Cambodia\",\"isPartOf\":{\"@id\":\"https:\/\/farmhouse-smilinggecko.com\/de\/#website\"},\"datePublished\":\"2024-09-26T04:17:34+00:00\",\"dateModified\":\"2025-06-04T04:17:36+00:00\",\"breadcrumb\":{\"@id\":\"https:\/\/farmhouse-smilinggecko.com\/de\/restaurants\/farmhouse-restaurant\/#breadcrumb\"},\"inLanguage\":\"de\",\"potentialAction\":[{\"@type\":\"ReadAction\",\"target\":[\"https:\/\/farmhouse-smilinggecko.com\/de\/restaurants\/farmhouse-restaurant\/\"]}]},{\"@type\":\"BreadcrumbList\",\"@id\":\"https:\/\/farmhouse-smilinggecko.com\/de\/restaurants\/farmhouse-restaurant\/#breadcrumb\",\"itemListElement\":[{\"@type\":\"ListItem\",\"position\":1,\"name\":\"Home\",\"item\":\"https:\/\/farmhouse-smilinggecko.com\/de\/\"},{\"@type\":\"ListItem\",\"position\":2,\"name\":\"Restaurants\",\"item\":\"https:\/\/farmhouse-smilinggecko.com\/de\/restaurants\/\"},{\"@type\":\"ListItem\",\"position\":3,\"name\":\"Farmhouse Restaurants\"}]},{\"@type\":\"WebSite\",\"@id\":\"https:\/\/farmhouse-smilinggecko.com\/de\/#website\",\"url\":\"https:\/\/farmhouse-smilinggecko.com\/de\/\",\"name\":\"Farmhouse Luxury Resort & Spa in Cambodia\",\"description\":\"\",\"potentialAction\":[{\"@type\":\"SearchAction\",\"target\":{\"@type\":\"EntryPoint\",\"urlTemplate\":\"https:\/\/farmhouse-smilinggecko.com\/de\/?s={search_term_string}\"},\"query-input\":{\"@type\":\"PropertyValueSpecification\",\"valueRequired\":true,\"valueName\":\"search_term_string\"}}],\"inLanguage\":\"de\"}]}<\/script>\n<!-- \/ Yoast SEO Premium plugin. -->","yoast_head_json":{"title":"Farmhouse Restaurants - Farmhouse Luxury Resort & Spa in Cambodia","robots":{"index":"index","follow":"follow","max-snippet":"max-snippet:-1","max-image-preview":"max-image-preview:large","max-video-preview":"max-video-preview:-1"},"canonical":"https:\/\/farmhouse-smilinggecko.com\/de\/restaurants\/farmhouse-restaurant\/","og_locale":"de_DE","og_type":"article","og_title":"Farmhouse Restaurants","og_description":"Discover more Farmhouse Restaurant Farmhouse Restaurant Die schmackhaften Gerichte im Farmhouse Restaurant werden, wo immer m\u00f6glich, mit Zutaten vom beeindruckenden 150 ha grossen Smiling Gecko Campus zubereitet. Das meiste Obst und Gem\u00fcse bauen wir auf unseren eigenen Feldern und in unseren eigenen G\u00e4rten an. Ebenso wie den Fisch und das Gefl\u00fcgel, die wir selbst z\u00fcchten. [&hellip;]","og_url":"https:\/\/farmhouse-smilinggecko.com\/de\/restaurants\/farmhouse-restaurant\/","og_site_name":"Farmhouse Luxury Resort & Spa in Cambodia","article_modified_time":"2025-06-04T04:17:36+00:00","twitter_card":"summary_large_image","twitter_misc":{"Gesch\u00e4tzte Lesezeit":"3\u00a0Minuten"},"schema":{"@context":"https:\/\/schema.org","@graph":[{"@type":"WebPage","@id":"https:\/\/farmhouse-smilinggecko.com\/de\/restaurants\/farmhouse-restaurant\/","url":"https:\/\/farmhouse-smilinggecko.com\/de\/restaurants\/farmhouse-restaurant\/","name":"Farmhouse Restaurants - Farmhouse Luxury Resort & Spa in Cambodia","isPartOf":{"@id":"https:\/\/farmhouse-smilinggecko.com\/de\/#website"},"datePublished":"2024-09-26T04:17:34+00:00","dateModified":"2025-06-04T04:17:36+00:00","breadcrumb":{"@id":"https:\/\/farmhouse-smilinggecko.com\/de\/restaurants\/farmhouse-restaurant\/#breadcrumb"},"inLanguage":"de","potentialAction":[{"@type":"ReadAction","target":["https:\/\/farmhouse-smilinggecko.com\/de\/restaurants\/farmhouse-restaurant\/"]}]},{"@type":"BreadcrumbList","@id":"https:\/\/farmhouse-smilinggecko.com\/de\/restaurants\/farmhouse-restaurant\/#breadcrumb","itemListElement":[{"@type":"ListItem","position":1,"name":"Home","item":"https:\/\/farmhouse-smilinggecko.com\/de\/"},{"@type":"ListItem","position":2,"name":"Restaurants","item":"https:\/\/farmhouse-smilinggecko.com\/de\/restaurants\/"},{"@type":"ListItem","position":3,"name":"Farmhouse Restaurants"}]},{"@type":"WebSite","@id":"https:\/\/farmhouse-smilinggecko.com\/de\/#website","url":"https:\/\/farmhouse-smilinggecko.com\/de\/","name":"Farmhouse Luxury Resort & Spa in Cambodia","description":"","potentialAction":[{"@type":"SearchAction","target":{"@type":"EntryPoint","urlTemplate":"https:\/\/farmhouse-smilinggecko.com\/de\/?s={search_term_string}"},"query-input":{"@type":"PropertyValueSpecification","valueRequired":true,"valueName":"search_term_string"}}],"inLanguage":"de"}]}},"_links":{"self":[{"href":"https:\/\/farmhouse-smilinggecko.com\/de\/wp-json\/wp\/v2\/pages\/5516","targetHints":{"allow":["GET"]}}],"collection":[{"href":"https:\/\/farmhouse-smilinggecko.com\/de\/wp-json\/wp\/v2\/pages"}],"about":[{"href":"https:\/\/farmhouse-smilinggecko.com\/de\/wp-json\/wp\/v2\/types\/page"}],"author":[{"embeddable":true,"href":"https:\/\/farmhouse-smilinggecko.com\/de\/wp-json\/wp\/v2\/users\/1"}],"replies":[{"embeddable":true,"href":"https:\/\/farmhouse-smilinggecko.com\/de\/wp-json\/wp\/v2\/comments?post=5516"}],"version-history":[{"count":9,"href":"https:\/\/farmhouse-smilinggecko.com\/de\/wp-json\/wp\/v2\/pages\/5516\/revisions"}],"predecessor-version":[{"id":6834,"href":"https:\/\/farmhouse-smilinggecko.com\/de\/wp-json\/wp\/v2\/pages\/5516\/revisions\/6834"}],"up":[{"embeddable":true,"href":"https:\/\/farmhouse-smilinggecko.com\/de\/wp-json\/wp\/v2\/pages\/5523"}],"wp:attachment":[{"href":"https:\/\/farmhouse-smilinggecko.com\/de\/wp-json\/wp\/v2\/media?parent=5516"}],"curies":[{"name":"wp","href":"https:\/\/api.w.org\/{rel}","templated":true}]}}