{"id":5515,"date":"2024-09-26T07:43:05","date_gmt":"2024-09-26T07:43:05","guid":{"rendered":"https:\/\/farmhouse-smilinggecko.com\/chefs-table\/"},"modified":"2026-04-16T11:06:55","modified_gmt":"2026-04-16T11:06:55","slug":"chefs-table","status":"publish","type":"page","link":"https:\/\/farmhouse-smilinggecko.com\/de\/restaurants\/chefs-table\/","title":{"rendered":"Chef&#8217;s Table"},"content":{"rendered":"<div>\n<p>        <video src=\"\/wp-content\/uploads\/2026\/04\/UN-Restaurant-website-Menu-header_1920-w.mp4\"><\/video><\/p>\n<h3>chef_table_header03<\/h3>\n<p><a href=\"#intro\">Discover more<\/a><\/p>\n<\/div>\n<div>\n<h3>Chef\u2019s Table<\/h3>\n<\/div>\n<div>Sehr privat geht es an unserem Chef\u2019s Table zu. Hier, im Bungalow des Gr\u00fcnders von Smiling Gecko, k\u00f6nnen Sie unserer Chefk\u00f6chin Mariya Un Noun und ihrem Team buchst\u00e4blich beim Kochen und Anrichten zuschauen. Auf die Teller kommt das Beste, was die kambodschanische K\u00fcche zu bieten hat. \u00abNew Khmer Cuisine\u00bb auf h\u00f6chstem Niveau. Ein Erlebnis, das Sie sich w\u00e4hrend ihres Aufenthalts nicht entgehen lassen d\u00fcrfen. Unbedingt deutlich im Voraus buchen!<\/p>\n<\/div>\n<ul>\n<li>\n<p>        <img decoding=\"async\" src=\"\/wp-content\/uploads\/2024\/09\/chef_table_img01.jpg\" alt=\"\"><\/p>\n<\/li>\n<li>\n<p>        <img decoding=\"async\" src=\"\/wp-content\/uploads\/2025\/04\/Chef_table_02.jpg\" alt=\"\"><\/p>\n<\/li>\n<li>\n<p>        <img decoding=\"async\" src=\"\/wp-content\/uploads\/2025\/04\/Chef_table_08.jpg\" alt=\"\"><\/p>\n<\/li>\n<li>\n<p>        <img decoding=\"async\" src=\"\/wp-content\/uploads\/2024\/09\/chef_table_img02.jpg\" alt=\"\"><\/p>\n<\/li>\n<li>\n<p>        <img decoding=\"async\" src=\"\/wp-content\/uploads\/2024\/09\/chef_table_img09.jpg\" alt=\"\"><\/p>\n<\/li>\n<li>\n<p>        <img decoding=\"async\" src=\"\/wp-content\/uploads\/2024\/09\/chef_table_img04.jpg\" alt=\"\"><\/p>\n<\/li>\n<li>\n<p>        <img decoding=\"async\" src=\"\/wp-content\/uploads\/2025\/04\/Chef_table_09.jpg\" alt=\"\"><\/p>\n<\/li>\n<\/ul>\n<p><!--more--><br \/>\n<!-- {\"type\":\"layout\",\"children\":[{\"type\":\"section\",\"props\":{\"header_transparent\":true,\"header_transparent_noplaceholder\":true,\"header_transparent_text_color\":\"light\",\"height_offset_top\":true,\"height_viewport\":70,\"image_effect\":\"parallax\",\"image_loading\":true,\"image_parallax_bgy\":\"100\",\"image_position\":\"top-center\",\"image_size\":\"cover\",\"media_overlay\":\"rgba(0, 0, 0, 0.11)\",\"padding\":\"none\",\"preserve_color\":false,\"style\":\"default\",\"text_color\":\"light\",\"title_breakpoint\":\"xl\",\"title_position\":\"top-left\",\"title_rotation\":\"left\",\"vertical_align\":\"\",\"width\":\"\"},\"children\":[{\"type\":\"row\",\"children\":[{\"type\":\"column\",\"props\":{\"image_position\":\"center-center\",\"position_sticky_breakpoint\":\"m\",\"text_color\":\"light\",\"vertical_align\":\"middle\"},\"children\":[{\"type\":\"slideshow\",\"props\":{\"content_style\":\"h5\",\"css\":\".el-content {\\n    font-size: 24px;\\n}\",\"image_height\":\"750\",\"image_loading\":true,\"image_width\":\"1920\",\"link_margin\":\"large\",\"link_style\":\"default\",\"link_text\":\"Discover more\",\"margin\":\"default\",\"meta_align\":\"above-title\",\"meta_element\":\"div\",\"meta_style\":\"text-meta\",\"nav\":\"\",\"nav_align\":\"center\",\"nav_breakpoint\":\"s\",\"nav_position\":\"bottom-center\",\"nav_position_margin\":\"medium\",\"overlay_animation\":\"parallax\",\"overlay_container\":\"xlarge\",\"overlay_container_padding\":\"large\",\"overlay_margin\":\"large\",\"overlay_position\":\"top-center\",\"overlay_style\":\"overlay-primary\",\"parallax_scale\":\",\",\"show_content\":false,\"show_link\":false,\"show_meta\":false,\"show_thumbnail\":true,\"show_title\":false,\"slidenav\":\"\",\"slidenav_breakpoint\":\"s\",\"slidenav_margin\":\"medium\",\"slidenav_outside_breakpoint\":\"xl\",\"slideshow_animation\":\"fade\",\"slideshow_autoplay\":true,\"slideshow_autoplay_interval\":\"5\",\"slideshow_autoplay_pause\":false,\"slideshow_height\":\"viewport\",\"slideshow_height_viewport\":60,\"slideshow_kenburns\":\"center-center\",\"slideshow_kenburns_duration\":\"25\",\"slideshow_min_height\":\"200\",\"slideshow_parallax\":false,\"slideshow_velocity\":\"1\",\"text_align\":\"center\",\"thumbnav_height\":\"75\",\"thumbnav_svg_color\":\"emphasis\",\"thumbnav_width\":\"100\",\"title_element\":\"h3\",\"title_hover_style\":\"reset\",\"title_margin\":\"xlarge\",\"title_style\":\"heading-large\"},\"children\":[{\"type\":\"slideshow_item\",\"props\":{\"content\":\"\",\"image\":\"\",\"link\":\"#intro\",\"meta\":\"\",\"title\":\"chef_table_header03\",\"video\":\"wp-content\\\/uploads\\\/2026\\\/04\\\/UN-Restaurant-website-Menu-header_1920-w.mp4\"}}]}]}]}],\"name\":\"Hero subpage\"},{\"type\":\"section\",\"props\":{\"animation\":\"fade\",\"height\":\"viewport\",\"height_viewport\":200,\"image_position\":\"center-center\",\"padding\":\"large\",\"padding_remove_bottom\":true,\"padding_remove_top\":false,\"style\":\"default\",\"title_breakpoint\":\"xl\",\"title_position\":\"top-left\",\"title_rotation\":\"left\",\"vertical_align\":\"\",\"width\":\"\"},\"children\":[{\"type\":\"row\",\"props\":{\"margin\":\"large\",\"margin_remove_top\":false},\"children\":[{\"type\":\"column\",\"props\":{\"image_position\":\"center-center\",\"position_sticky\":\"section\",\"position_sticky_breakpoint\":\"\",\"position_sticky_offset\":\"50vh - 50%\"},\"children\":[{\"type\":\"panel\",\"props\":{\"block_align\":\"center\",\"content\":\"\",\"content_align\":false,\"content_column_breakpoint\":\"m\",\"content_margin\":\"medium\",\"content_style\":\"text-large\",\"css\":\".el-title {\\n    width:150%;\\n}\\n\\n@media (max-width: 767px) {\\n    .el-title {\\n    padding-left: 20px;\\n}\",\"icon_width\":80,\"image_align\":\"top\",\"image_grid_breakpoint\":\"m\",\"image_grid_width\":\"1-2\",\"image_svg_color\":\"emphasis\",\"link_style\":\"default\",\"link_text\":\"Read more\",\"margin\":\"default\",\"maxwidth\":\"2xlarge\",\"meta_align\":\"below-title\",\"meta_element\":\"div\",\"meta_style\":\"text-meta\",\"title\":\"Chef\\u2019s Table\",\"title_align\":\"top\",\"title_element\":\"h3\",\"title_grid_breakpoint\":\"m\",\"title_grid_width\":\"1-2\",\"title_hover_style\":\"reset\",\"title_style\":\"h1\"}},{\"type\":\"text\",\"props\":{\"block_align\":\"center\",\"column_breakpoint\":\"m\",\"content\":\"Sehr privat geht es an unserem Chef\\u2019s Table zu. Hier, im Bungalow des Gr\\u00fcnders von Smiling Gecko, k\\u00f6nnen Sie unserer Chefk\\u00f6chin Mariya Un Noun und ihrem Team buchst\\u00e4blich beim Kochen und Anrichten zuschauen. Auf die Teller kommt das Beste, was die kambodschanische K\\u00fcche zu bieten hat. \\u00abNew Khmer Cuisine\\u00bb auf h\\u00f6chstem Niveau. Ein Erlebnis, das Sie sich w\\u00e4hrend ihres Aufenthalts nicht entgehen lassen d\\u00fcrfen. Unbedingt deutlich im Voraus buchen!\\n\\n\",\"css\":\"@media (max-width: 767px) {\\n\\t.el-element {\\n    padding-left: 20px;\\n}\",\"margin\":\"medium\",\"maxwidth\":\"2xlarge\"}},{\"type\":\"overlay-slider\",\"props\":{\"animation\":\"none\",\"image_height\":\"400\",\"link_margin\":\"medium\",\"link_style\":\"text\",\"link_text\":\"Explore\",\"link_transition\":\"slide-bottom-medium\",\"margin\":\"large\",\"meta_align\":\"below-title\",\"meta_element\":\"div\",\"meta_style\":\"text-meta\",\"nav\":\"\",\"nav_align\":\"center\",\"nav_below\":true,\"nav_breakpoint\":\"s\",\"nav_position\":\"bottom-center\",\"nav_position_margin\":\"medium\",\"overlay_active_first\":true,\"overlay_display\":\"active\",\"overlay_link\":false,\"overlay_mode\":\"cover\",\"overlay_position\":\"center\",\"overlay_transition\":\"fade\",\"overlay_transition_background\":false,\"position\":\"relative\",\"position_top\":\"30\",\"show_content\":true,\"show_hover_image\":true,\"show_hover_video\":true,\"show_link\":true,\"show_meta\":true,\"show_title\":true,\"slidenav\":\"\",\"slidenav_breakpoint\":\"s\",\"slidenav_hover\":false,\"slidenav_margin\":\"medium\",\"slidenav_outside_breakpoint\":\"xl\",\"slider_autoplay_pause\":true,\"slider_center\":false,\"slider_divider\":false,\"slider_finite\":true,\"slider_gap\":\"small\",\"slider_height_viewport\":60,\"slider_min_height\":\"250\",\"slider_parallax\":true,\"slider_parallax_end\":\"100vh\",\"slider_parallax_start\":\"100vh\",\"slider_parallax_target\":\"!.uk-section\",\"slider_width\":\"\",\"slider_width_default\":\"4-5\",\"slider_width_large\":\"1-4\",\"slider_width_medium\":\"1-3\",\"slider_width_small\":\"3-5\",\"slider_width_xlarge\":\"1-5\",\"text_align\":\"center\",\"title_element\":\"h2\",\"title_hover_style\":\"reset\",\"title_link\":false,\"title_style\":\"h1\",\"title_transition\":\"slide-bottom-medium\"},\"children\":[{\"type\":\"overlay-slider_item\",\"props\":{\"image\":\"wp-content\\\/uploads\\\/2024\\\/09\\\/chef_table_img01.jpg\"}},{\"type\":\"overlay-slider_item\",\"props\":{\"image\":\"wp-content\\\/uploads\\\/2025\\\/04\\\/Chef_table_02.jpg\",\"title\":\"\"}},{\"type\":\"overlay-slider_item\",\"props\":{\"image\":\"wp-content\\\/uploads\\\/2025\\\/04\\\/Chef_table_08.jpg\",\"title\":\"\"}},{\"type\":\"overlay-slider_item\",\"props\":{\"image\":\"wp-content\\\/uploads\\\/2024\\\/09\\\/chef_table_img02.jpg\"}},{\"type\":\"overlay-slider_item\",\"props\":{\"image\":\"wp-content\\\/uploads\\\/2024\\\/09\\\/chef_table_img09.jpg\",\"title\":\"\"}},{\"type\":\"overlay-slider_item\",\"props\":{\"image\":\"wp-content\\\/uploads\\\/2024\\\/09\\\/chef_table_img04.jpg\",\"title\":\"\"}},{\"type\":\"overlay-slider_item\",\"props\":{\"image\":\"wp-content\\\/uploads\\\/2025\\\/04\\\/Chef_table_09.jpg\",\"title\":\"\"}}]}]}]}],\"name\":\"Slider Gallery\"},{\"type\":\"section\",\"props\":{\"image_position\":\"center-center\",\"padding\":\"large\",\"style\":\"default\",\"title_breakpoint\":\"xl\",\"title_position\":\"top-left\",\"title_rotation\":\"left\",\"vertical_align\":\"middle\",\"width\":\"default\"},\"children\":[{\"type\":\"row\",\"children\":[{\"type\":\"column\",\"props\":{\"image_position\":\"center-center\",\"position_sticky_breakpoint\":\"m\"}}]}]}],\"version\":\"4.5.15\"} --><\/p>\n","protected":false},"excerpt":{"rendered":"<p>chef_table_header03 Discover more Chef\u2019s Table Sehr privat geht es an unserem Chef\u2019s Table zu. Hier, im Bungalow des Gr\u00fcnders von Smiling Gecko, k\u00f6nnen Sie unserer Chefk\u00f6chin Mariya Un Noun und ihrem Team buchst\u00e4blich beim Kochen und Anrichten zuschauen. Auf die Teller kommt das Beste, was die kambodschanische K\u00fcche zu bieten hat. \u00abNew Khmer Cuisine\u00bb auf [&hellip;]<\/p>\n","protected":false},"author":1,"featured_media":0,"parent":5523,"menu_order":0,"comment_status":"closed","ping_status":"closed","template":"","meta":{"_acf_changed":false,"footnotes":""},"class_list":["post-5515","page","type-page","status-publish","hentry"],"acf":[],"yoast_head":"<!-- This site is optimized with the Yoast SEO Premium plugin v25.0 (Yoast SEO v25.0) - https:\/\/yoast.com\/wordpress\/plugins\/seo\/ -->\n<title>Chef&#039;s Table - Farmhouse Luxury Resort &amp; Spa in Cambodia<\/title>\n<meta name=\"robots\" content=\"index, follow, max-snippet:-1, max-image-preview:large, max-video-preview:-1\" \/>\n<link rel=\"canonical\" href=\"https:\/\/farmhouse-smilinggecko.com\/de\/restaurants\/chefs-table\/\" \/>\n<meta property=\"og:locale\" content=\"de_DE\" \/>\n<meta property=\"og:type\" content=\"article\" \/>\n<meta property=\"og:title\" content=\"Chef&#039;s Table\" \/>\n<meta property=\"og:description\" content=\"chef_table_header03 Discover more Chef\u2019s Table Sehr privat geht es an unserem Chef\u2019s Table zu. Hier, im Bungalow des Gr\u00fcnders von Smiling Gecko, k\u00f6nnen Sie unserer Chefk\u00f6chin Mariya Un Noun und ihrem Team buchst\u00e4blich beim Kochen und Anrichten zuschauen. Auf die Teller kommt das Beste, was die kambodschanische K\u00fcche zu bieten hat. \u00abNew Khmer Cuisine\u00bb auf [&hellip;]\" \/>\n<meta property=\"og:url\" content=\"https:\/\/farmhouse-smilinggecko.com\/de\/restaurants\/chefs-table\/\" \/>\n<meta property=\"og:site_name\" content=\"Farmhouse Luxury Resort &amp; Spa in Cambodia\" \/>\n<meta property=\"article:modified_time\" content=\"2026-04-16T11:06:55+00:00\" \/>\n<meta name=\"twitter:card\" content=\"summary_large_image\" \/>\n<script type=\"application\/ld+json\" class=\"yoast-schema-graph\">{\"@context\":\"https:\/\/schema.org\",\"@graph\":[{\"@type\":\"WebPage\",\"@id\":\"https:\/\/farmhouse-smilinggecko.com\/de\/restaurants\/chefs-table\/\",\"url\":\"https:\/\/farmhouse-smilinggecko.com\/de\/restaurants\/chefs-table\/\",\"name\":\"Chef's Table - Farmhouse Luxury Resort & Spa in Cambodia\",\"isPartOf\":{\"@id\":\"https:\/\/farmhouse-smilinggecko.com\/de\/#website\"},\"datePublished\":\"2024-09-26T07:43:05+00:00\",\"dateModified\":\"2026-04-16T11:06:55+00:00\",\"breadcrumb\":{\"@id\":\"https:\/\/farmhouse-smilinggecko.com\/de\/restaurants\/chefs-table\/#breadcrumb\"},\"inLanguage\":\"de\",\"potentialAction\":[{\"@type\":\"ReadAction\",\"target\":[\"https:\/\/farmhouse-smilinggecko.com\/de\/restaurants\/chefs-table\/\"]}]},{\"@type\":\"BreadcrumbList\",\"@id\":\"https:\/\/farmhouse-smilinggecko.com\/de\/restaurants\/chefs-table\/#breadcrumb\",\"itemListElement\":[{\"@type\":\"ListItem\",\"position\":1,\"name\":\"Home\",\"item\":\"https:\/\/farmhouse-smilinggecko.com\/de\/\"},{\"@type\":\"ListItem\",\"position\":2,\"name\":\"Restaurants\",\"item\":\"https:\/\/farmhouse-smilinggecko.com\/de\/restaurants\/\"},{\"@type\":\"ListItem\",\"position\":3,\"name\":\"Chef&#8217;s Table\"}]},{\"@type\":\"WebSite\",\"@id\":\"https:\/\/farmhouse-smilinggecko.com\/de\/#website\",\"url\":\"https:\/\/farmhouse-smilinggecko.com\/de\/\",\"name\":\"Farmhouse Luxury Resort & Spa in Cambodia\",\"description\":\"\",\"potentialAction\":[{\"@type\":\"SearchAction\",\"target\":{\"@type\":\"EntryPoint\",\"urlTemplate\":\"https:\/\/farmhouse-smilinggecko.com\/de\/?s={search_term_string}\"},\"query-input\":{\"@type\":\"PropertyValueSpecification\",\"valueRequired\":true,\"valueName\":\"search_term_string\"}}],\"inLanguage\":\"de\"}]}<\/script>\n<!-- \/ Yoast SEO Premium plugin. -->","yoast_head_json":{"title":"Chef's Table - Farmhouse Luxury Resort & Spa in Cambodia","robots":{"index":"index","follow":"follow","max-snippet":"max-snippet:-1","max-image-preview":"max-image-preview:large","max-video-preview":"max-video-preview:-1"},"canonical":"https:\/\/farmhouse-smilinggecko.com\/de\/restaurants\/chefs-table\/","og_locale":"de_DE","og_type":"article","og_title":"Chef's Table","og_description":"chef_table_header03 Discover more Chef\u2019s Table Sehr privat geht es an unserem Chef\u2019s Table zu. Hier, im Bungalow des Gr\u00fcnders von Smiling Gecko, k\u00f6nnen Sie unserer Chefk\u00f6chin Mariya Un Noun und ihrem Team buchst\u00e4blich beim Kochen und Anrichten zuschauen. Auf die Teller kommt das Beste, was die kambodschanische K\u00fcche zu bieten hat. \u00abNew Khmer Cuisine\u00bb auf [&hellip;]","og_url":"https:\/\/farmhouse-smilinggecko.com\/de\/restaurants\/chefs-table\/","og_site_name":"Farmhouse Luxury Resort & Spa in Cambodia","article_modified_time":"2026-04-16T11:06:55+00:00","twitter_card":"summary_large_image","schema":{"@context":"https:\/\/schema.org","@graph":[{"@type":"WebPage","@id":"https:\/\/farmhouse-smilinggecko.com\/de\/restaurants\/chefs-table\/","url":"https:\/\/farmhouse-smilinggecko.com\/de\/restaurants\/chefs-table\/","name":"Chef's Table - Farmhouse Luxury Resort & Spa in Cambodia","isPartOf":{"@id":"https:\/\/farmhouse-smilinggecko.com\/de\/#website"},"datePublished":"2024-09-26T07:43:05+00:00","dateModified":"2026-04-16T11:06:55+00:00","breadcrumb":{"@id":"https:\/\/farmhouse-smilinggecko.com\/de\/restaurants\/chefs-table\/#breadcrumb"},"inLanguage":"de","potentialAction":[{"@type":"ReadAction","target":["https:\/\/farmhouse-smilinggecko.com\/de\/restaurants\/chefs-table\/"]}]},{"@type":"BreadcrumbList","@id":"https:\/\/farmhouse-smilinggecko.com\/de\/restaurants\/chefs-table\/#breadcrumb","itemListElement":[{"@type":"ListItem","position":1,"name":"Home","item":"https:\/\/farmhouse-smilinggecko.com\/de\/"},{"@type":"ListItem","position":2,"name":"Restaurants","item":"https:\/\/farmhouse-smilinggecko.com\/de\/restaurants\/"},{"@type":"ListItem","position":3,"name":"Chef&#8217;s Table"}]},{"@type":"WebSite","@id":"https:\/\/farmhouse-smilinggecko.com\/de\/#website","url":"https:\/\/farmhouse-smilinggecko.com\/de\/","name":"Farmhouse Luxury Resort & Spa in Cambodia","description":"","potentialAction":[{"@type":"SearchAction","target":{"@type":"EntryPoint","urlTemplate":"https:\/\/farmhouse-smilinggecko.com\/de\/?s={search_term_string}"},"query-input":{"@type":"PropertyValueSpecification","valueRequired":true,"valueName":"search_term_string"}}],"inLanguage":"de"}]}},"_links":{"self":[{"href":"https:\/\/farmhouse-smilinggecko.com\/de\/wp-json\/wp\/v2\/pages\/5515","targetHints":{"allow":["GET"]}}],"collection":[{"href":"https:\/\/farmhouse-smilinggecko.com\/de\/wp-json\/wp\/v2\/pages"}],"about":[{"href":"https:\/\/farmhouse-smilinggecko.com\/de\/wp-json\/wp\/v2\/types\/page"}],"author":[{"embeddable":true,"href":"https:\/\/farmhouse-smilinggecko.com\/de\/wp-json\/wp\/v2\/users\/1"}],"replies":[{"embeddable":true,"href":"https:\/\/farmhouse-smilinggecko.com\/de\/wp-json\/wp\/v2\/comments?post=5515"}],"version-history":[{"count":9,"href":"https:\/\/farmhouse-smilinggecko.com\/de\/wp-json\/wp\/v2\/pages\/5515\/revisions"}],"predecessor-version":[{"id":8347,"href":"https:\/\/farmhouse-smilinggecko.com\/de\/wp-json\/wp\/v2\/pages\/5515\/revisions\/8347"}],"up":[{"embeddable":true,"href":"https:\/\/farmhouse-smilinggecko.com\/de\/wp-json\/wp\/v2\/pages\/5523"}],"wp:attachment":[{"href":"https:\/\/farmhouse-smilinggecko.com\/de\/wp-json\/wp\/v2\/media?parent=5515"}],"curies":[{"name":"wp","href":"https:\/\/api.w.org\/{rel}","templated":true}]}}