{"id":5512,"date":"2024-10-02T09:42:03","date_gmt":"2024-10-02T09:42:03","guid":{"rendered":"https:\/\/farmhouse-smilinggecko.com\/confirmation_form_contact\/"},"modified":"2024-10-24T02:15:26","modified_gmt":"2024-10-24T02:15:26","slug":"confirmation_form_contact","status":"publish","type":"page","link":"https:\/\/farmhouse-smilinggecko.com\/de\/confirmation_form_contact\/","title":{"rendered":"Confirmation form Contact"},"content":{"rendered":"<div>\n<p>        <img decoding=\"async\" src=\"\/wp-content\/uploads\/2023\/07\/full-logo.svg\" alt=\"\"><\/p>\n<h2>Ihr Formular <br \/>wurde \u00fcbermittelt!<\/h2>\n<div>\n<p data-pm-slice=\"0 0 []\">Sie erhalten so bald wie m\u00f6glich eine Best\u00e4tigungs-E-Mail von uns.<\/p>\n<\/div>\n<p><a href=\"https:\/\/farmhouse-smilinggecko.com\/de\/contact\/\">Zur\u00fcck<\/a><\/p>\n<\/div>\n<p><!--more--><br \/>\n<!-- {\"type\":\"layout\",\"children\":[{\"name\":\"Introduction\",\"type\":\"section\",\"props\":{\"animation\":\"slide-bottom-medium\",\"animation_delay\":\"100\",\"header_transparent\":true,\"header_transparent_noplaceholder\":true,\"header_transparent_text_color\":\"light\",\"height\":\"viewport\",\"height_offset_top\":true,\"id\":\"intro\",\"image\":\"wp-content\\\/uploads\\\/2024\\\/09\\\/contact_header_img01-scaled.jpg\",\"image_position\":\"center-center\",\"image_size\":\"cover\",\"media_overlay\":\"rgba(0, 0, 0, 0.16)\",\"padding\":\"large\",\"padding_remove_top\":false,\"style\":\"default\",\"title_breakpoint\":\"xl\",\"title_position\":\"top-left\",\"title_rotation\":\"left\",\"vertical_align\":\"middle\",\"width\":\"xlarge\"},\"children\":[{\"type\":\"row\",\"props\":{\"column_gap\":\"large\",\"margin\":\"small\",\"row_gap\":\"large\"},\"children\":[{\"type\":\"column\",\"props\":{\"image_position\":\"center-center\",\"position_sticky_breakpoint\":\"m\"},\"children\":[{\"type\":\"panel\",\"props\":{\"block_align\":\"center\",\"content\":\"\n\n<p data-pm-slice=\\\"0 0 []\\\">Sie erhalten so bald wie m\\u00f6glich eine Best\\u00e4tigungs-E-Mail von uns.<\\\/p>\",\"content_column_breakpoint\":\"m\",\"content_style\":\"text-large\",\"icon_width\":80,\"image\":\"wp-content\\\/uploads\\\/2023\\\/07\\\/full-logo.svg\",\"image_align\":\"top\",\"image_grid_breakpoint\":\"m\",\"image_grid_width\":\"1-2\",\"image_svg_color\":\"emphasis\",\"image_width\":\"120\",\"link\":\"https:\\\/\\\/farmhouse-smilinggecko.com\\\/de\\\/contact\\\/\",\"link_margin\":\"medium\",\"link_style\":\"primary\",\"link_text\":\"Zur\\u00fcck\",\"margin\":\"default\",\"maxwidth\":\"2xlarge\",\"meta_align\":\"below-title\",\"meta_element\":\"div\",\"meta_style\":\"text-meta\",\"panel_padding\":\"default\",\"panel_style\":\"card-default\",\"text_align\":\"center\",\"title\":\"Ihr Formular <br \/>wurde \\u00fcbermittelt!\",\"title_align\":\"top\",\"title_element\":\"h2\",\"title_grid_breakpoint\":\"m\",\"title_grid_width\":\"1-2\",\"title_hover_style\":\"reset\",\"title_margin\":\"medium\",\"title_style\":\"h2\"}}]}]}]}],\"version\":\"4.4.8\"} --><\/p>\n","protected":false},"excerpt":{"rendered":"<p>Ihr Formular wurde \u00fcbermittelt! Sie erhalten so bald wie m\u00f6glich eine Best\u00e4tigungs-E-Mail von uns. Zur\u00fcck<\/p>\n","protected":false},"author":1,"featured_media":0,"parent":0,"menu_order":0,"comment_status":"closed","ping_status":"closed","template":"","meta":{"_acf_changed":false,"footnotes":""},"class_list":["post-5512","page","type-page","status-publish","hentry"],"acf":[],"yoast_head":"<!-- This site is optimized with the Yoast SEO Premium plugin v25.0 (Yoast SEO v25.0) - https:\/\/yoast.com\/wordpress\/plugins\/seo\/ -->\n<title>Confirmation form Contact - Farmhouse Luxury Resort &amp; Spa in Cambodia<\/title>\n<meta name=\"robots\" content=\"index, follow, max-snippet:-1, max-image-preview:large, max-video-preview:-1\" \/>\n<link rel=\"canonical\" href=\"https:\/\/farmhouse-smilinggecko.com\/de\/confirmation_form_contact\/\" \/>\n<meta property=\"og:locale\" content=\"de_DE\" \/>\n<meta property=\"og:type\" content=\"article\" \/>\n<meta property=\"og:title\" content=\"Confirmation form Contact\" \/>\n<meta property=\"og:description\" content=\"Ihr Formular wurde \u00fcbermittelt! Sie erhalten so bald wie m\u00f6glich eine Best\u00e4tigungs-E-Mail von uns. Zur\u00fcck\" \/>\n<meta property=\"og:url\" content=\"https:\/\/farmhouse-smilinggecko.com\/de\/confirmation_form_contact\/\" \/>\n<meta property=\"og:site_name\" content=\"Farmhouse Luxury Resort &amp; Spa in Cambodia\" \/>\n<meta property=\"article:modified_time\" content=\"2024-10-24T02:15:26+00:00\" \/>\n<meta name=\"twitter:card\" content=\"summary_large_image\" \/>\n<meta name=\"twitter:label1\" content=\"Gesch\u00e4tzte Lesezeit\" \/>\n\t<meta name=\"twitter:data1\" content=\"1\u00a0Minute\" \/>\n<script type=\"application\/ld+json\" class=\"yoast-schema-graph\">{\"@context\":\"https:\/\/schema.org\",\"@graph\":[{\"@type\":\"WebPage\",\"@id\":\"https:\/\/farmhouse-smilinggecko.com\/de\/confirmation_form_contact\/\",\"url\":\"https:\/\/farmhouse-smilinggecko.com\/de\/confirmation_form_contact\/\",\"name\":\"Confirmation form Contact - Farmhouse Luxury Resort & Spa in Cambodia\",\"isPartOf\":{\"@id\":\"https:\/\/farmhouse-smilinggecko.com\/de\/#website\"},\"datePublished\":\"2024-10-02T09:42:03+00:00\",\"dateModified\":\"2024-10-24T02:15:26+00:00\",\"breadcrumb\":{\"@id\":\"https:\/\/farmhouse-smilinggecko.com\/de\/confirmation_form_contact\/#breadcrumb\"},\"inLanguage\":\"de\",\"potentialAction\":[{\"@type\":\"ReadAction\",\"target\":[\"https:\/\/farmhouse-smilinggecko.com\/de\/confirmation_form_contact\/\"]}]},{\"@type\":\"BreadcrumbList\",\"@id\":\"https:\/\/farmhouse-smilinggecko.com\/de\/confirmation_form_contact\/#breadcrumb\",\"itemListElement\":[{\"@type\":\"ListItem\",\"position\":1,\"name\":\"Home\",\"item\":\"https:\/\/farmhouse-smilinggecko.com\/de\/\"},{\"@type\":\"ListItem\",\"position\":2,\"name\":\"Confirmation form Contact\"}]},{\"@type\":\"WebSite\",\"@id\":\"https:\/\/farmhouse-smilinggecko.com\/de\/#website\",\"url\":\"https:\/\/farmhouse-smilinggecko.com\/de\/\",\"name\":\"Farmhouse Luxury Resort & Spa in Cambodia\",\"description\":\"\",\"potentialAction\":[{\"@type\":\"SearchAction\",\"target\":{\"@type\":\"EntryPoint\",\"urlTemplate\":\"https:\/\/farmhouse-smilinggecko.com\/de\/?s={search_term_string}\"},\"query-input\":{\"@type\":\"PropertyValueSpecification\",\"valueRequired\":true,\"valueName\":\"search_term_string\"}}],\"inLanguage\":\"de\"}]}<\/script>\n<!-- \/ Yoast SEO Premium plugin. -->","yoast_head_json":{"title":"Confirmation form Contact - Farmhouse Luxury Resort & Spa in Cambodia","robots":{"index":"index","follow":"follow","max-snippet":"max-snippet:-1","max-image-preview":"max-image-preview:large","max-video-preview":"max-video-preview:-1"},"canonical":"https:\/\/farmhouse-smilinggecko.com\/de\/confirmation_form_contact\/","og_locale":"de_DE","og_type":"article","og_title":"Confirmation form Contact","og_description":"Ihr Formular wurde \u00fcbermittelt! Sie erhalten so bald wie m\u00f6glich eine Best\u00e4tigungs-E-Mail von uns. Zur\u00fcck","og_url":"https:\/\/farmhouse-smilinggecko.com\/de\/confirmation_form_contact\/","og_site_name":"Farmhouse Luxury Resort & Spa in Cambodia","article_modified_time":"2024-10-24T02:15:26+00:00","twitter_card":"summary_large_image","twitter_misc":{"Gesch\u00e4tzte Lesezeit":"1\u00a0Minute"},"schema":{"@context":"https:\/\/schema.org","@graph":[{"@type":"WebPage","@id":"https:\/\/farmhouse-smilinggecko.com\/de\/confirmation_form_contact\/","url":"https:\/\/farmhouse-smilinggecko.com\/de\/confirmation_form_contact\/","name":"Confirmation form Contact - Farmhouse Luxury Resort & Spa in Cambodia","isPartOf":{"@id":"https:\/\/farmhouse-smilinggecko.com\/de\/#website"},"datePublished":"2024-10-02T09:42:03+00:00","dateModified":"2024-10-24T02:15:26+00:00","breadcrumb":{"@id":"https:\/\/farmhouse-smilinggecko.com\/de\/confirmation_form_contact\/#breadcrumb"},"inLanguage":"de","potentialAction":[{"@type":"ReadAction","target":["https:\/\/farmhouse-smilinggecko.com\/de\/confirmation_form_contact\/"]}]},{"@type":"BreadcrumbList","@id":"https:\/\/farmhouse-smilinggecko.com\/de\/confirmation_form_contact\/#breadcrumb","itemListElement":[{"@type":"ListItem","position":1,"name":"Home","item":"https:\/\/farmhouse-smilinggecko.com\/de\/"},{"@type":"ListItem","position":2,"name":"Confirmation form Contact"}]},{"@type":"WebSite","@id":"https:\/\/farmhouse-smilinggecko.com\/de\/#website","url":"https:\/\/farmhouse-smilinggecko.com\/de\/","name":"Farmhouse Luxury Resort & Spa in Cambodia","description":"","potentialAction":[{"@type":"SearchAction","target":{"@type":"EntryPoint","urlTemplate":"https:\/\/farmhouse-smilinggecko.com\/de\/?s={search_term_string}"},"query-input":{"@type":"PropertyValueSpecification","valueRequired":true,"valueName":"search_term_string"}}],"inLanguage":"de"}]}},"_links":{"self":[{"href":"https:\/\/farmhouse-smilinggecko.com\/de\/wp-json\/wp\/v2\/pages\/5512","targetHints":{"allow":["GET"]}}],"collection":[{"href":"https:\/\/farmhouse-smilinggecko.com\/de\/wp-json\/wp\/v2\/pages"}],"about":[{"href":"https:\/\/farmhouse-smilinggecko.com\/de\/wp-json\/wp\/v2\/types\/page"}],"author":[{"embeddable":true,"href":"https:\/\/farmhouse-smilinggecko.com\/de\/wp-json\/wp\/v2\/users\/1"}],"replies":[{"embeddable":true,"href":"https:\/\/farmhouse-smilinggecko.com\/de\/wp-json\/wp\/v2\/comments?post=5512"}],"version-history":[{"count":4,"href":"https:\/\/farmhouse-smilinggecko.com\/de\/wp-json\/wp\/v2\/pages\/5512\/revisions"}],"predecessor-version":[{"id":5818,"href":"https:\/\/farmhouse-smilinggecko.com\/de\/wp-json\/wp\/v2\/pages\/5512\/revisions\/5818"}],"wp:attachment":[{"href":"https:\/\/farmhouse-smilinggecko.com\/de\/wp-json\/wp\/v2\/media?parent=5512"}],"curies":[{"name":"wp","href":"https:\/\/api.w.org\/{rel}","templated":true}]}}