{"id":5509,"date":"2024-10-15T04:31:58","date_gmt":"2024-10-15T04:31:58","guid":{"rendered":"https:\/\/farmhouse-smilinggecko.com\/imprint\/"},"modified":"2024-10-18T07:57:52","modified_gmt":"2024-10-18T07:57:52","slug":"impressum","status":"publish","type":"page","link":"https:\/\/farmhouse-smilinggecko.com\/de\/impressum\/","title":{"rendered":"Imprint"},"content":{"rendered":"<h1>Impressum<\/h1>\n<h3>Herausgeberin<\/h3>\n<div>\n<p>Die Inhalte auf www.farmhouse-smilinggecko.com werden herausgegeben von:<\/p>\n<p>Verein Smiling Gecko*<br \/>Am Wasser 9 \u2013 Haus 5<br \/>8600 D\u00fcbendorf<br \/>Schweiz<\/p>\n<p>\u200b<\/p>\n<p>*Ein Verein im Sinne von Artikel 60ff. des Schweizerischen Zivilgesetzbuches, ZGB.<\/p>\n<p>Vorstandsmitglieder des Vereins sind Adrian Dudle (Co-Pr\u00e4sident), Ines P\u00f6schel (Co-Pr\u00e4sidentin), Hannes Schmid (Vizepr\u00e4sident) und Heinz W\u00e4ch (Kassier), Mathis B\u00fcttiker (Mitglied), Jann Fisch (Mitglied), Thomas R. Meier (Mitglied) und Hans Wettstein (Mitglied).<\/p>\n<\/div>\n<h3>Rechtliche Hinweise<\/h3>\n<ul>\n<li>\n<h3>1. Inhalte der Website<\/h3>\n<div>Smiling Gecko legt grossen Wert darauf, dass die bereitgestellten Inhalte aktuell, korrekt und vollst\u00e4ndig sind. Wir k\u00f6nnen jedoch keine entsprechende Gew\u00e4hr bieten. Zudem behalten wir uns vor, Teile der Website ohne vorherige Ank\u00fcndigung zu ver\u00e4ndern oder zu l\u00f6schen sowie die Website zeitweilig oder endg\u00fcltig einzustellen. Haftungsanspr\u00fcche gegen die Autoren, welche sich auf Sch\u00e4den materieller oder ideeller Art beziehen, die durch die Nutzung oder Nichtnutzung der dargebotenen Informationen bzw. durch die Nutzung fehlerhafter und unvollst\u00e4ndiger Informationen verursacht wurden, sind grunds\u00e4tzlich ausgeschlossen, sofern seitens der Autoren kein nachweislich vors\u00e4tzliches oder grob fahrl\u00e4ssiges Verschulden vorliegt. Allf\u00e4llige Angebote sind freibleibend und unverbindlich.<\/div>\n<\/li>\n<li>\n<h3>2. Copyright und Nutzungsrechte<\/h3>\n<div>Die Urheber- und alle anderen Rechte an Inhalten, Bildern, Fotos oder anderen Dateien auf der Website von Smiling Gecko geh\u00f6ren ausschliesslich dem Verein oder den speziell genannten Rechteinhabern. Eine Vervielf\u00e4ltigung oder sonstige Verwendung entsprechender Inhalte, Bilder, Fotos oder weiterer Dateien (beispielsweise in anderen elektronischen oder gedruckten Publikationen) ist ohne vorherige schriftliche Zustimmung von Smiling Gecko oder den speziell genannten Rechtsinhaber nicht gestattet.<\/div>\n<\/li>\n<li>\n<h3>3. Verweise und Links<\/h3>\n<div>Wir sind uns der besonderen Verantwortung bei der allf\u00e4lligen direkten oder indirekten Verlinkung auf fremde Websites (\u00abHyperlinks\u00bb) bewusst. Dennoch liegen die dadurch angesteuerten Inhalte ausserhalb unseres Verantwortungsbereiches. Aus diesem Grunde lehnen wir jegliche Haftungsverpflichtung ab. Wir erkl\u00e4ren hiermit, dass zum Zeitpunkt der Linksetzung keine illegalen Inhalte auf den zu verlinkenden Seiten erkennbar waren. Auf die aktuelle und zuk\u00fcnftige Gestaltung, die Inhalte oder die Urheberschaft der gelinkten\/verkn\u00fcpften Seiten haben wir keinen Einfluss.Wir freuen uns jedoch, wenn Sie uns informieren, sollten Sie einen defekten, problematischen oder toten Link entdeckt haben.<\/div>\n<\/li>\n<li>\n<h3>4. Rechtswirksamkeit und Nichtigkeitsklausel<\/h3>\n<div>Die vorliegenden Bestimmungen sind Teil der Website von Smiling Gecko und setzten keine ausdr\u00fcckliche Anerkennung oder Best\u00e4tigung seitens der Besucher voraus. Sollten Teile dieser Bestimmungen geltendem Recht teilweise oder ganz widersprechen, bleiben die \u00fcbrigen Teile in ihrem Inhalt und ihrer G\u00fcltigkeit davon unber\u00fchrt.<\/div>\n<\/li>\n<\/ul>\n<p><!--more--><br \/>\n<!-- {\"type\":\"layout\",\"children\":[{\"type\":\"section\",\"props\":{\"animation\":\"slide-bottom-medium\",\"header_transparent\":true,\"image_position\":\"center-center\",\"padding\":\"large\",\"padding_remove_bottom\":true,\"padding_remove_top\":false,\"style\":\"default\",\"title_breakpoint\":\"xl\",\"title_position\":\"top-left\",\"title_rotation\":\"left\",\"vertical_align\":\"middle\",\"width\":\"default\"},\"children\":[{\"type\":\"row\",\"children\":[{\"type\":\"column\",\"props\":{\"image_position\":\"center-center\",\"position_sticky_breakpoint\":\"m\"},\"children\":[{\"type\":\"headline\",\"props\":{\"block_align\":\"center\",\"content\":\"Impressum\",\"maxwidth\":\"2xlarge\",\"text_align\":\"left\",\"title_element\":\"h1\"}},{\"type\":\"headline\",\"props\":{\"block_align\":\"center\",\"content\":\"Herausgeberin\",\"maxwidth\":\"2xlarge\",\"text_align\":\"left\",\"title_element\":\"h3\",\"title_style\":\"h2\"}},{\"type\":\"text\",\"props\":{\"block_align\":\"center\",\"column_breakpoint\":\"m\",\"content\":\"\n\n<p>Die Inhalte auf www.farmhouse-smilinggecko.com werden herausgegeben von:<\\\/p>\\n\n\n<p>Verein Smiling Gecko*<br \\\/>Am Wasser 9 \\u2013 Haus 5<br \\\/>8600 D\\u00fcbendorf<br \\\/>Schweiz<\\\/p>\\n\n\n<p>\\u200b<\\\/p>\\n\n\n<p>*Ein Verein im Sinne von Artikel 60ff. des Schweizerischen Zivilgesetzbuches, ZGB.<\\\/p>\\n\n\n<p>Vorstandsmitglieder des Vereins sind Adrian Dudle (Co-Pr\\u00e4sident), Ines P\\u00f6schel (Co-Pr\\u00e4sidentin), Hannes Schmid (Vizepr\\u00e4sident) und Heinz W\\u00e4ch (Kassier), Mathis B\\u00fcttiker (Mitglied), Jann Fisch (Mitglied), Thomas R. Meier (Mitglied) und Hans Wettstein (Mitglied).<\\\/p>\",\"margin\":\"default\",\"maxwidth\":\"2xlarge\",\"text_align\":\"left\"}}]}]}],\"name\":\"Introduction\"},{\"type\":\"section\",\"props\":{\"animation\":\"slide-bottom-medium\",\"image_position\":\"center-center\",\"style\":\"default\",\"title_breakpoint\":\"xl\",\"title_position\":\"top-left\",\"title_rotation\":\"left\",\"vertical_align\":\"middle\",\"width\":\"default\"},\"children\":[{\"type\":\"row\",\"children\":[{\"type\":\"column\",\"props\":{\"image_position\":\"center-center\",\"position_sticky_breakpoint\":\"m\"},\"children\":[{\"type\":\"headline\",\"props\":{\"block_align\":\"center\",\"content\":\"Rechtliche Hinweise\",\"maxwidth\":\"2xlarge\",\"text_align\":\"left\",\"title_element\":\"h3\",\"title_style\":\"h2\"}},{\"type\":\"grid\",\"props\":{\"block_align\":\"center\",\"content_column_breakpoint\":\"m\",\"filter_align\":\"left\",\"filter_all\":true,\"filter_grid_breakpoint\":\"m\",\"filter_grid_width\":\"auto\",\"filter_position\":\"top\",\"filter_style\":\"tab\",\"grid_default\":\"1\",\"grid_medium\":\"1\",\"icon_width\":80,\"image_align\":\"top\",\"image_grid_breakpoint\":\"m\",\"image_grid_width\":\"1-2\",\"image_svg_color\":\"emphasis\",\"item_animation\":true,\"link_style\":\"default\",\"link_text\":\"Read more\",\"margin\":\"default\",\"margin_remove_bottom\":false,\"margin_remove_top\":false,\"maxwidth\":\"2xlarge\",\"meta_align\":\"below-title\",\"meta_element\":\"div\",\"meta_style\":\"text-meta\",\"show_content\":true,\"show_image\":true,\"show_link\":true,\"show_meta\":true,\"show_title\":true,\"text_align\":\"left\",\"title_align\":\"top\",\"title_element\":\"h3\",\"title_grid_breakpoint\":\"m\",\"title_grid_width\":\"1-2\",\"title_hover_style\":\"reset\"},\"children\":[{\"type\":\"grid_item\",\"props\":{\"content\":\"Smiling Gecko legt grossen Wert darauf, dass die bereitgestellten Inhalte aktuell, korrekt und vollst\\u00e4ndig sind. Wir k\\u00f6nnen jedoch keine entsprechende Gew\\u00e4hr bieten. Zudem behalten wir uns vor, Teile der Website ohne vorherige Ank\\u00fcndigung zu ver\\u00e4ndern oder zu l\\u00f6schen sowie die Website zeitweilig oder endg\\u00fcltig einzustellen. Haftungsanspr\\u00fcche gegen die Autoren, welche sich auf Sch\\u00e4den materieller oder ideeller Art beziehen, die durch die Nutzung oder Nichtnutzung der dargebotenen Informationen bzw. durch die Nutzung fehlerhafter und unvollst\\u00e4ndiger Informationen verursacht wurden, sind grunds\\u00e4tzlich ausgeschlossen, sofern seitens der Autoren kein nachweislich vors\\u00e4tzliches oder grob fahrl\\u00e4ssiges Verschulden vorliegt. Allf\\u00e4llige Angebote sind freibleibend und unverbindlich.\",\"title\":\"1. Inhalte der Website\"}},{\"type\":\"grid_item\",\"props\":{\"content\":\"Die Urheber- und alle anderen Rechte an Inhalten, Bildern, Fotos oder anderen Dateien auf der Website von Smiling Gecko geh\\u00f6ren ausschliesslich dem Verein oder den speziell genannten Rechteinhabern. Eine Vervielf\\u00e4ltigung oder sonstige Verwendung entsprechender Inhalte, Bilder, Fotos oder weiterer Dateien (beispielsweise in anderen elektronischen oder gedruckten Publikationen) ist ohne vorherige schriftliche Zustimmung von Smiling Gecko oder den speziell genannten Rechtsinhaber nicht gestattet.\",\"title\":\"2. Copyright und Nutzungsrechte\"}},{\"type\":\"grid_item\",\"props\":{\"content\":\"Wir sind uns der besonderen Verantwortung bei der allf\\u00e4lligen direkten oder indirekten Verlinkung auf fremde Websites (\\u00abHyperlinks\\u00bb) bewusst. Dennoch liegen die dadurch angesteuerten Inhalte ausserhalb unseres Verantwortungsbereiches. Aus diesem Grunde lehnen wir jegliche Haftungsverpflichtung ab. Wir erkl\\u00e4ren hiermit, dass zum Zeitpunkt der Linksetzung keine illegalen Inhalte auf den zu verlinkenden Seiten erkennbar waren. Auf die aktuelle und zuk\\u00fcnftige Gestaltung, die Inhalte oder die Urheberschaft der gelinkten\\\/verkn\\u00fcpften Seiten haben wir keinen Einfluss.Wir freuen uns jedoch, wenn Sie uns informieren, sollten Sie einen defekten, problematischen oder toten Link entdeckt haben.\",\"title\":\"3. Verweise und Links\"}},{\"type\":\"grid_item\",\"props\":{\"content\":\"Die vorliegenden Bestimmungen sind Teil der Website von Smiling Gecko und setzten keine ausdr\\u00fcckliche Anerkennung oder Best\\u00e4tigung seitens der Besucher voraus. Sollten Teile dieser Bestimmungen geltendem Recht teilweise oder ganz widersprechen, bleiben die \\u00fcbrigen Teile in ihrem Inhalt und ihrer G\\u00fcltigkeit davon unber\\u00fchrt.\",\"title\":\"4. Rechtswirksamkeit und Nichtigkeitsklausel\"}}]}]}]}],\"name\":\"Privacy and Policy\"},{\"type\":\"section\",\"props\":{\"image_position\":\"center-center\",\"padding\":\"small\",\"style\":\"default\",\"title_breakpoint\":\"xl\",\"title_position\":\"top-left\",\"title_rotation\":\"left\",\"vertical_align\":\"middle\",\"width\":\"default\"},\"children\":[{\"type\":\"row\",\"children\":[{\"type\":\"column\",\"props\":{\"image_position\":\"center-center\",\"position_sticky_breakpoint\":\"m\"}}]}]}],\"version\":\"4.4.8\"} --><\/p>\n","protected":false},"excerpt":{"rendered":"<p>Impressum Herausgeberin Die Inhalte auf www.farmhouse-smilinggecko.com werden herausgegeben von: Verein Smiling Gecko*Am Wasser 9 \u2013 Haus 58600 D\u00fcbendorfSchweiz \u200b *Ein Verein im Sinne von Artikel 60ff. des Schweizerischen Zivilgesetzbuches, ZGB. Vorstandsmitglieder des Vereins sind Adrian Dudle (Co-Pr\u00e4sident), Ines P\u00f6schel (Co-Pr\u00e4sidentin), Hannes Schmid (Vizepr\u00e4sident) und Heinz W\u00e4ch (Kassier), Mathis B\u00fcttiker (Mitglied), Jann Fisch (Mitglied), Thomas R. [&hellip;]<\/p>\n","protected":false},"author":1,"featured_media":0,"parent":0,"menu_order":0,"comment_status":"closed","ping_status":"closed","template":"","meta":{"_acf_changed":false,"footnotes":""},"class_list":["post-5509","page","type-page","status-publish","hentry"],"acf":[],"yoast_head":"<!-- This site is optimized with the Yoast SEO Premium plugin v25.0 (Yoast SEO v25.0) - https:\/\/yoast.com\/wordpress\/plugins\/seo\/ -->\n<title>Imprint - Farmhouse Luxury Resort &amp; Spa in Cambodia<\/title>\n<meta name=\"robots\" content=\"index, follow, max-snippet:-1, max-image-preview:large, max-video-preview:-1\" \/>\n<link rel=\"canonical\" href=\"https:\/\/farmhouse-smilinggecko.com\/de\/impressum\/\" \/>\n<meta property=\"og:locale\" content=\"de_DE\" \/>\n<meta property=\"og:type\" content=\"article\" \/>\n<meta property=\"og:title\" content=\"Imprint\" \/>\n<meta property=\"og:description\" content=\"Impressum Herausgeberin Die Inhalte auf www.farmhouse-smilinggecko.com werden herausgegeben von: Verein Smiling Gecko*Am Wasser 9 \u2013 Haus 58600 D\u00fcbendorfSchweiz \u200b *Ein Verein im Sinne von Artikel 60ff. des Schweizerischen Zivilgesetzbuches, ZGB. Vorstandsmitglieder des Vereins sind Adrian Dudle (Co-Pr\u00e4sident), Ines P\u00f6schel (Co-Pr\u00e4sidentin), Hannes Schmid (Vizepr\u00e4sident) und Heinz W\u00e4ch (Kassier), Mathis B\u00fcttiker (Mitglied), Jann Fisch (Mitglied), Thomas R. [&hellip;]\" \/>\n<meta property=\"og:url\" content=\"https:\/\/farmhouse-smilinggecko.com\/de\/impressum\/\" \/>\n<meta property=\"og:site_name\" content=\"Farmhouse Luxury Resort &amp; Spa in Cambodia\" \/>\n<meta property=\"article:modified_time\" content=\"2024-10-18T07:57:52+00:00\" \/>\n<meta name=\"twitter:card\" content=\"summary_large_image\" \/>\n<meta name=\"twitter:label1\" content=\"Gesch\u00e4tzte Lesezeit\" \/>\n\t<meta name=\"twitter:data1\" content=\"3\u00a0Minuten\" \/>\n<script type=\"application\/ld+json\" class=\"yoast-schema-graph\">{\"@context\":\"https:\/\/schema.org\",\"@graph\":[{\"@type\":\"WebPage\",\"@id\":\"https:\/\/farmhouse-smilinggecko.com\/de\/impressum\/\",\"url\":\"https:\/\/farmhouse-smilinggecko.com\/de\/impressum\/\",\"name\":\"Imprint - Farmhouse Luxury Resort & Spa in Cambodia\",\"isPartOf\":{\"@id\":\"https:\/\/farmhouse-smilinggecko.com\/de\/#website\"},\"datePublished\":\"2024-10-15T04:31:58+00:00\",\"dateModified\":\"2024-10-18T07:57:52+00:00\",\"breadcrumb\":{\"@id\":\"https:\/\/farmhouse-smilinggecko.com\/de\/impressum\/#breadcrumb\"},\"inLanguage\":\"de\",\"potentialAction\":[{\"@type\":\"ReadAction\",\"target\":[\"https:\/\/farmhouse-smilinggecko.com\/de\/impressum\/\"]}]},{\"@type\":\"BreadcrumbList\",\"@id\":\"https:\/\/farmhouse-smilinggecko.com\/de\/impressum\/#breadcrumb\",\"itemListElement\":[{\"@type\":\"ListItem\",\"position\":1,\"name\":\"Home\",\"item\":\"https:\/\/farmhouse-smilinggecko.com\/de\/\"},{\"@type\":\"ListItem\",\"position\":2,\"name\":\"Imprint\"}]},{\"@type\":\"WebSite\",\"@id\":\"https:\/\/farmhouse-smilinggecko.com\/de\/#website\",\"url\":\"https:\/\/farmhouse-smilinggecko.com\/de\/\",\"name\":\"Farmhouse Luxury Resort & Spa in Cambodia\",\"description\":\"\",\"potentialAction\":[{\"@type\":\"SearchAction\",\"target\":{\"@type\":\"EntryPoint\",\"urlTemplate\":\"https:\/\/farmhouse-smilinggecko.com\/de\/?s={search_term_string}\"},\"query-input\":{\"@type\":\"PropertyValueSpecification\",\"valueRequired\":true,\"valueName\":\"search_term_string\"}}],\"inLanguage\":\"de\"}]}<\/script>\n<!-- \/ Yoast SEO Premium plugin. -->","yoast_head_json":{"title":"Imprint - Farmhouse Luxury Resort & Spa in Cambodia","robots":{"index":"index","follow":"follow","max-snippet":"max-snippet:-1","max-image-preview":"max-image-preview:large","max-video-preview":"max-video-preview:-1"},"canonical":"https:\/\/farmhouse-smilinggecko.com\/de\/impressum\/","og_locale":"de_DE","og_type":"article","og_title":"Imprint","og_description":"Impressum Herausgeberin Die Inhalte auf www.farmhouse-smilinggecko.com werden herausgegeben von: Verein Smiling Gecko*Am Wasser 9 \u2013 Haus 58600 D\u00fcbendorfSchweiz \u200b *Ein Verein im Sinne von Artikel 60ff. des Schweizerischen Zivilgesetzbuches, ZGB. Vorstandsmitglieder des Vereins sind Adrian Dudle (Co-Pr\u00e4sident), Ines P\u00f6schel (Co-Pr\u00e4sidentin), Hannes Schmid (Vizepr\u00e4sident) und Heinz W\u00e4ch (Kassier), Mathis B\u00fcttiker (Mitglied), Jann Fisch (Mitglied), Thomas R. [&hellip;]","og_url":"https:\/\/farmhouse-smilinggecko.com\/de\/impressum\/","og_site_name":"Farmhouse Luxury Resort & Spa in Cambodia","article_modified_time":"2024-10-18T07:57:52+00:00","twitter_card":"summary_large_image","twitter_misc":{"Gesch\u00e4tzte Lesezeit":"3\u00a0Minuten"},"schema":{"@context":"https:\/\/schema.org","@graph":[{"@type":"WebPage","@id":"https:\/\/farmhouse-smilinggecko.com\/de\/impressum\/","url":"https:\/\/farmhouse-smilinggecko.com\/de\/impressum\/","name":"Imprint - Farmhouse Luxury Resort & Spa in Cambodia","isPartOf":{"@id":"https:\/\/farmhouse-smilinggecko.com\/de\/#website"},"datePublished":"2024-10-15T04:31:58+00:00","dateModified":"2024-10-18T07:57:52+00:00","breadcrumb":{"@id":"https:\/\/farmhouse-smilinggecko.com\/de\/impressum\/#breadcrumb"},"inLanguage":"de","potentialAction":[{"@type":"ReadAction","target":["https:\/\/farmhouse-smilinggecko.com\/de\/impressum\/"]}]},{"@type":"BreadcrumbList","@id":"https:\/\/farmhouse-smilinggecko.com\/de\/impressum\/#breadcrumb","itemListElement":[{"@type":"ListItem","position":1,"name":"Home","item":"https:\/\/farmhouse-smilinggecko.com\/de\/"},{"@type":"ListItem","position":2,"name":"Imprint"}]},{"@type":"WebSite","@id":"https:\/\/farmhouse-smilinggecko.com\/de\/#website","url":"https:\/\/farmhouse-smilinggecko.com\/de\/","name":"Farmhouse Luxury Resort & Spa in Cambodia","description":"","potentialAction":[{"@type":"SearchAction","target":{"@type":"EntryPoint","urlTemplate":"https:\/\/farmhouse-smilinggecko.com\/de\/?s={search_term_string}"},"query-input":{"@type":"PropertyValueSpecification","valueRequired":true,"valueName":"search_term_string"}}],"inLanguage":"de"}]}},"_links":{"self":[{"href":"https:\/\/farmhouse-smilinggecko.com\/de\/wp-json\/wp\/v2\/pages\/5509","targetHints":{"allow":["GET"]}}],"collection":[{"href":"https:\/\/farmhouse-smilinggecko.com\/de\/wp-json\/wp\/v2\/pages"}],"about":[{"href":"https:\/\/farmhouse-smilinggecko.com\/de\/wp-json\/wp\/v2\/types\/page"}],"author":[{"embeddable":true,"href":"https:\/\/farmhouse-smilinggecko.com\/de\/wp-json\/wp\/v2\/users\/1"}],"replies":[{"embeddable":true,"href":"https:\/\/farmhouse-smilinggecko.com\/de\/wp-json\/wp\/v2\/comments?post=5509"}],"version-history":[{"count":5,"href":"https:\/\/farmhouse-smilinggecko.com\/de\/wp-json\/wp\/v2\/pages\/5509\/revisions"}],"predecessor-version":[{"id":5767,"href":"https:\/\/farmhouse-smilinggecko.com\/de\/wp-json\/wp\/v2\/pages\/5509\/revisions\/5767"}],"wp:attachment":[{"href":"https:\/\/farmhouse-smilinggecko.com\/de\/wp-json\/wp\/v2\/media?parent=5509"}],"curies":[{"name":"wp","href":"https:\/\/api.w.org\/{rel}","templated":true}]}}